{"id":1794,"date":"2019-06-28T09:30:42","date_gmt":"2019-06-28T09:30:42","guid":{"rendered":"http:\/\/ctsolucions.com\/qui-som"},"modified":"2019-07-08T08:03:59","modified_gmt":"2019-07-08T08:03:59","slug":"qui-som","status":"publish","type":"page","link":"https:\/\/ctsolucions.com\/ca\/qui-som","title":{"rendered":"Qui som"},"content":{"rendered":"<p><section class=\"kc-elm kc-css-490861 kc_row\"><div class=\"kc-row-container  kc-container\"><div class=\"kc-wrap-columns\"><div class=\"kc-elm kc-css-774002 kc_col-sm-12 kc_column kc_col-sm-12\"><div class=\"kc-col-container\"><!--Approach Section-->\r\n<section class=\"approach-section\">\r\n    <div class=\"auto-container\">\r\n        <div class=\"row clearfix\">\r\n            \r\n            <!--Content Column-->\r\n            <div class=\"content-column col-md-8 col-sm-12 col-xs-12\">\r\n                <div class=\"inner-column\">\r\n                    <div class=\"sec-title\">\r\n                        <h2>CT Solucions SL<\/h2>\r\n                    <\/div>\r\n                    <div class=\"styled-text\">Neix en el 2007 per a cobrir una necessitat emergent de construcci\u00f3 especialitzada vinculada al sector el\u00e8ctric: Les Estacions Transformadores tamb\u00e9 conegudes com a Centres de Transformaci\u00f3 o Centres d'Abonat.<\/div>\r\n                    <div class=\"text\">\r\n                        <p>Les Estacions Transformadores s\u00f3n els locals destinats a allotjar els transformadors de les companyies el\u00e8ctriques, la finalitat de les quals \u00e9s rebre l'energia el\u00e8ctrica condu\u00efda a trav\u00e9s de les canalitzacions subterr\u00e0nies i transformar el seu elevat voltatge al d'\u00fas dom\u00e8stic.\r\n<\/p>\r\n<p>Aquests locals tenen unes caracter\u00edstiques espec\u00edfiques en l\u2019\u00e0mbit constructiu per acomplir amb l'estricta normativa de les companyies el\u00e8ctriques i es construeixen respectant escrupolosament un projecte elaborat pr\u00e8viament per una enginyeria. \r\n<\/p>                    <\/div>\r\n                <\/div>\r\n            <\/div>\r\n            \r\n            <!--Image Column-->\r\n            <div class=\"image-column col-md-4 col-sm-12 col-xs-12\">\r\n                <div class=\"inner-column\">\r\n                    <div class=\"image\">\r\n                        <img decoding=\"async\" src=\"http:\/\/ctsolucions.com\/wp-content\/uploads\/2019\/04\/quienes-somos-img-1.jpg\" alt=\"Imatge impressionant\" \/>\r\n                    <\/div>\r\n                <\/div>\r\n            <\/div>\r\n            \r\n        <\/div>\r\n    <\/div>\r\n<\/section>\r\n<!--End Approach Section--><\/div><\/div><\/div><\/div><\/section><section class=\"kc-elm kc-css-524294 kc_row blanco\"><div class=\"kc-row-container\"><div class=\"kc-wrap-columns\"><div class=\"kc-elm kc-css-439557 kc_col-sm-12 kc_column kc_col-sm-12\"><div class=\"kc-col-container\"><!--Fluid Section One-->\r\n<section class=\"fluid-section-one\" style=\"background-image:url('')\">\r\n    <div class=\"outer-container clearfix\">\r\n        <!--Image Column-->\r\n        <div class=\"image-column\" style=\"background-image:url('http:\/\/ctsolucions.com\/wp-content\/uploads\/2019\/04\/quienes-somos-img-2.jpg');\">\r\n            <figure class=\"image-box\"><img decoding=\"async\" src=\"http:\/\/ctsolucions.com\/wp-content\/uploads\/2019\/04\/quienes-somos-img-2.jpg\" alt=\"Imatge impressionant\"><\/figure>\r\n        <\/div>\r\n        <!--Content Column-->\r\n        <div class=\"content-column\">\r\n            <div class=\"inner-column\">\r\n                <h2>CT\u202fSolucions\u202fs'ha\r\nconsolidat en el mercat <\/h2>\r\n                <div class=\"bold-text\"><\/div>\r\n                <div class=\"text\"><p>Sabent evolucionar a les seves demandes, invertint en els seus recursos t\u00e8cnics i humans i tenint com a premissa la satisfacci\u00f3 dels seus clients.\r\n<\/p>\r\n<p>Comptem amb equips d'obra formats per Oficials de 1a, 2a i peons especialistes altament qualificats, taller propi de construccions met\u00e0l\u00b7liques especialitzat en la fabricaci\u00f3 de ferratges galvanitzats en calent per a Estacions Transformadores i un enginyer t\u00e8cnic el\u00e8ctric, especialitzat en disseny i construcci\u00f3 de Centres de Transformaci\u00f3 i d'Abonat.\r\n<\/p><\/div>\r\n            <\/div>\r\n        <\/div>\r\n    <\/div>\r\n<\/section>\r\n<!--End Fluid Section One--><\/div><\/div><\/div><\/div><\/section><section class=\"kc-elm kc-css-148171 kc_row quienes-somos-proyecto\"><div class=\"kc-row-container\"><div class=\"kc-wrap-columns\"><div class=\"kc-elm kc-css-700688 kc_col-sm-12 kc_column kc_col-sm-12\"><div class=\"kc-col-container\"><!--Contruction Section-->\r\n<section class=\"contruction-section \" style=\"background-image:url('')\">\r\n    <div class=\"auto-container\">\r\n        <div class=\"row clearfix\">\r\n            <!--Image Column-->\r\n            <div class=\"image-column col-md-4 col-sm-12 col-xs-12\">\r\n                <div class=\"image\">\r\n                    <img decoding=\"async\" src=\"http:\/\/ctsolucions.com\/wp-content\/uploads\/2019\/04\/quienes-somos-img-4.jpg\" alt=\"Imatge impressionant\" \/>\r\n                <\/div>\r\n            <\/div>\r\n            <!--Content Column-->\r\n            <div class=\"content-column col-md-8 col-sm-12 col-xs-12\">\r\n                <div class=\"inner-column\">\r\n                    <h2>Ens <span class=\"theme_color\">bolquem<\/span> en cada projecte \r\n<\/h2>\r\n                    <div class=\"text\">\r\n                        <p>Treballem tots els projectes intensament en totes les seves fases: elaboraci\u00f3, planificaci\u00f3 i execuci\u00f3, oferint un servei \u201cclau en m\u00e0\u201d en el qual ens ocupem de tot fins a la cessi\u00f3 d'\u00fas del local a la companyia el\u00e8ctrica.<\/p>\r\n                    <\/div>\r\n                    <a href=\"\" class=\"theme-btn btn-style-two\"><\/a>\r\n                <\/div>\r\n            <\/div>\r\n        <\/div>\r\n    <\/div>\r\n<\/section>\r\n<!--End Contruction Section--><\/div><\/div><\/div><\/div><\/section><section class=\"kc-elm kc-css-296335 kc_row\"><div class=\"kc-row-container\"><div class=\"kc-wrap-columns\"><div class=\"kc-elm kc-css-341943 kc_col-sm-12 kc_column kc_col-sm-12\"><div class=\"kc-col-container\"><!--Renovation Section-->\n<section class=\"renovation-section\" style=\"background-image:url('http:\/\/ctsolucions.com\/wp-content\/uploads\/2019\/04\/quienes-somos-img-5.jpg')\">\n    <div class=\"auto-container\">\n        <h3>CTS: M\u00e9s de deu anys <br> \r\n<span>d'experi\u00e8ncia<\/span> en el sector\r\n\u202f \r\n\r\n\r\n   <\/h3>\n        <h2><\/h2>\n        <a href=\"\/ca\/contacte\" class=\"theme-btn btn-style-one\">Contacta:apos:ns<\/a>\n    <\/div>\n<\/section>\n<!--End Renovation Section--><\/div><\/div><\/div><\/div><\/section><\/p>\n","protected":false},"excerpt":{"rendered":"","protected":false},"author":3,"featured_media":0,"parent":0,"menu_order":0,"comment_status":"closed","ping_status":"closed","template":"tpl-king_composer.php","meta":{"_monsterinsights_skip_tracking":false,"_monsterinsights_sitenote_active":false,"_monsterinsights_sitenote_note":"","_monsterinsights_sitenote_category":0,"footnotes":""},"class_list":["post-1794","page","type-page","status-publish","hentry"],"yoast_head":"<!-- This site is optimized with the Yoast SEO plugin v25.2 - https:\/\/yoast.com\/wordpress\/plugins\/seo\/ -->\n<title>Qui som<\/title>\n<meta name=\"robots\" content=\"index, follow, max-snippet:-1, max-image-preview:large, max-video-preview:-1\" \/>\n<link rel=\"canonical\" href=\"https:\/\/ctsolucions.com\/ca\/qui-som\" \/>\n<meta property=\"og:locale\" content=\"ca_ES\" \/>\n<meta property=\"og:type\" content=\"article\" \/>\n<meta property=\"og:title\" content=\"Qui som\" \/>\n<meta property=\"og:description\" content=\"CT Solucions SL Neix en el 2007 per a cobrir una necessitat emergent de construcci\u00f3 especialitzada vinculada al sector el\u00e8ctric: Les Estacions Transformadores tamb\u00e9 conegudes com a Centres de Transformaci\u00f3 o Centres d&#8217;Abonat. Les Estacions Transformadores s\u00f3n els locals destinats a allotjar els transformadors de les companyies el\u00e8ctriques, la finalitat de les quals \u00e9s rebre\" \/>\n<meta property=\"og:url\" content=\"https:\/\/ctsolucions.com\/ca\/qui-som\" \/>\n<meta property=\"og:site_name\" content=\"CT Solucions\" \/>\n<meta property=\"article:modified_time\" content=\"2019-07-08T08:03:59+00:00\" \/>\n<meta property=\"og:image\" content=\"http:\/\/ctsolucions.com\/wp-content\/uploads\/2019\/04\/quienes-somos-img-1.jpg\" \/>\n<meta name=\"twitter:card\" content=\"summary_large_image\" \/>\n<meta name=\"twitter:label1\" content=\"Temps estimat de lectura\" \/>\n\t<meta name=\"twitter:data1\" content=\"1 minut\" \/>\n<script type=\"application\/ld+json\" class=\"yoast-schema-graph\">{\"@context\":\"https:\/\/schema.org\",\"@graph\":[{\"@type\":\"WebPage\",\"@id\":\"https:\/\/ctsolucions.com\/ca\/qui-som\",\"url\":\"https:\/\/ctsolucions.com\/ca\/qui-som\",\"name\":\"Qui som\",\"isPartOf\":{\"@id\":\"https:\/\/ctsolucions.com\/ca#website\"},\"primaryImageOfPage\":{\"@id\":\"https:\/\/ctsolucions.com\/ca\/qui-som#primaryimage\"},\"image\":{\"@id\":\"https:\/\/ctsolucions.com\/ca\/qui-som#primaryimage\"},\"thumbnailUrl\":\"http:\/\/ctsolucions.com\/wp-content\/uploads\/2019\/04\/quienes-somos-img-1.jpg\",\"datePublished\":\"2019-06-28T09:30:42+00:00\",\"dateModified\":\"2019-07-08T08:03:59+00:00\",\"breadcrumb\":{\"@id\":\"https:\/\/ctsolucions.com\/ca\/qui-som#breadcrumb\"},\"inLanguage\":\"ca\",\"potentialAction\":[{\"@type\":\"ReadAction\",\"target\":[\"https:\/\/ctsolucions.com\/ca\/qui-som\"]}]},{\"@type\":\"ImageObject\",\"inLanguage\":\"ca\",\"@id\":\"https:\/\/ctsolucions.com\/ca\/qui-som#primaryimage\",\"url\":\"http:\/\/ctsolucions.com\/wp-content\/uploads\/2019\/04\/quienes-somos-img-1.jpg\",\"contentUrl\":\"http:\/\/ctsolucions.com\/wp-content\/uploads\/2019\/04\/quienes-somos-img-1.jpg\"},{\"@type\":\"BreadcrumbList\",\"@id\":\"https:\/\/ctsolucions.com\/ca\/qui-som#breadcrumb\",\"itemListElement\":[{\"@type\":\"ListItem\",\"position\":1,\"name\":\"Portada\",\"item\":\"https:\/\/ctsolucions.com\/ca\"},{\"@type\":\"ListItem\",\"position\":2,\"name\":\"Qui som\"}]},{\"@type\":\"WebSite\",\"@id\":\"https:\/\/ctsolucions.com\/ca#website\",\"url\":\"https:\/\/ctsolucions.com\/ca\",\"name\":\"CT Solucions\",\"description\":\"Centres de Transformaci\u00f3 Solucions\",\"potentialAction\":[{\"@type\":\"SearchAction\",\"target\":{\"@type\":\"EntryPoint\",\"urlTemplate\":\"https:\/\/ctsolucions.com\/ca?s={search_term_string}\"},\"query-input\":{\"@type\":\"PropertyValueSpecification\",\"valueRequired\":true,\"valueName\":\"search_term_string\"}}],\"inLanguage\":\"ca\"}]}<\/script>\n<!-- \/ Yoast SEO plugin. -->","yoast_head_json":{"title":"Qui som","robots":{"index":"index","follow":"follow","max-snippet":"max-snippet:-1","max-image-preview":"max-image-preview:large","max-video-preview":"max-video-preview:-1"},"canonical":"https:\/\/ctsolucions.com\/ca\/qui-som","og_locale":"ca_ES","og_type":"article","og_title":"Qui som","og_description":"CT Solucions SL Neix en el 2007 per a cobrir una necessitat emergent de construcci\u00f3 especialitzada vinculada al sector el\u00e8ctric: Les Estacions Transformadores tamb\u00e9 conegudes com a Centres de Transformaci\u00f3 o Centres d&#8217;Abonat. Les Estacions Transformadores s\u00f3n els locals destinats a allotjar els transformadors de les companyies el\u00e8ctriques, la finalitat de les quals \u00e9s rebre","og_url":"https:\/\/ctsolucions.com\/ca\/qui-som","og_site_name":"CT Solucions","article_modified_time":"2019-07-08T08:03:59+00:00","og_image":[{"url":"http:\/\/ctsolucions.com\/wp-content\/uploads\/2019\/04\/quienes-somos-img-1.jpg","type":"","width":"","height":""}],"twitter_card":"summary_large_image","twitter_misc":{"Temps estimat de lectura":"1 minut"},"schema":{"@context":"https:\/\/schema.org","@graph":[{"@type":"WebPage","@id":"https:\/\/ctsolucions.com\/ca\/qui-som","url":"https:\/\/ctsolucions.com\/ca\/qui-som","name":"Qui som","isPartOf":{"@id":"https:\/\/ctsolucions.com\/ca#website"},"primaryImageOfPage":{"@id":"https:\/\/ctsolucions.com\/ca\/qui-som#primaryimage"},"image":{"@id":"https:\/\/ctsolucions.com\/ca\/qui-som#primaryimage"},"thumbnailUrl":"http:\/\/ctsolucions.com\/wp-content\/uploads\/2019\/04\/quienes-somos-img-1.jpg","datePublished":"2019-06-28T09:30:42+00:00","dateModified":"2019-07-08T08:03:59+00:00","breadcrumb":{"@id":"https:\/\/ctsolucions.com\/ca\/qui-som#breadcrumb"},"inLanguage":"ca","potentialAction":[{"@type":"ReadAction","target":["https:\/\/ctsolucions.com\/ca\/qui-som"]}]},{"@type":"ImageObject","inLanguage":"ca","@id":"https:\/\/ctsolucions.com\/ca\/qui-som#primaryimage","url":"http:\/\/ctsolucions.com\/wp-content\/uploads\/2019\/04\/quienes-somos-img-1.jpg","contentUrl":"http:\/\/ctsolucions.com\/wp-content\/uploads\/2019\/04\/quienes-somos-img-1.jpg"},{"@type":"BreadcrumbList","@id":"https:\/\/ctsolucions.com\/ca\/qui-som#breadcrumb","itemListElement":[{"@type":"ListItem","position":1,"name":"Portada","item":"https:\/\/ctsolucions.com\/ca"},{"@type":"ListItem","position":2,"name":"Qui som"}]},{"@type":"WebSite","@id":"https:\/\/ctsolucions.com\/ca#website","url":"https:\/\/ctsolucions.com\/ca","name":"CT Solucions","description":"Centres de Transformaci\u00f3 Solucions","potentialAction":[{"@type":"SearchAction","target":{"@type":"EntryPoint","urlTemplate":"https:\/\/ctsolucions.com\/ca?s={search_term_string}"},"query-input":{"@type":"PropertyValueSpecification","valueRequired":true,"valueName":"search_term_string"}}],"inLanguage":"ca"}]}},"_links":{"self":[{"href":"https:\/\/ctsolucions.com\/ca\/wp-json\/wp\/v2\/pages\/1794","targetHints":{"allow":["GET"]}}],"collection":[{"href":"https:\/\/ctsolucions.com\/ca\/wp-json\/wp\/v2\/pages"}],"about":[{"href":"https:\/\/ctsolucions.com\/ca\/wp-json\/wp\/v2\/types\/page"}],"author":[{"embeddable":true,"href":"https:\/\/ctsolucions.com\/ca\/wp-json\/wp\/v2\/users\/3"}],"replies":[{"embeddable":true,"href":"https:\/\/ctsolucions.com\/ca\/wp-json\/wp\/v2\/comments?post=1794"}],"version-history":[{"count":0,"href":"https:\/\/ctsolucions.com\/ca\/wp-json\/wp\/v2\/pages\/1794\/revisions"}],"wp:attachment":[{"href":"https:\/\/ctsolucions.com\/ca\/wp-json\/wp\/v2\/media?parent=1794"}],"curies":[{"name":"wp","href":"https:\/\/api.w.org\/{rel}","templated":true}]}}