{"id":1820,"date":"2019-06-04T13:03:47","date_gmt":"2019-06-04T13:03:47","guid":{"rendered":"http:\/\/ctsolucions.com\/aviso-legal"},"modified":"2026-02-13T09:40:50","modified_gmt":"2026-02-13T09:40:50","slug":"aviso-legal","status":"publish","type":"page","link":"https:\/\/ctsolucions.com\/ca\/aviso-legal","title":{"rendered":"Av\u00eds Legal"},"content":{"rendered":"\n<h2 class=\"wp-block-heading\">Dades del Responsable<\/h2>\n\n\n\n<ul class=\"wp-block-list\">\n<li><strong>Identitat del Responsable<\/strong>: CENTRES DE\u00a0TRANSFORMACI\u00d3\u202fSOLUCIONS\u202fSL<\/li>\n\n\n\n<li><strong>Nom comercial: <\/strong>CT Solucions SL<\/li>\n\n\n\n<li><strong>NIF\/CIF:<\/strong>&nbsp;B64561699<\/li>\n\n\n\n<li><strong>Adre\u00e7a:<\/strong>&nbsp;C\/ CAN BALADA. 08460 SANTA MARIA DE PALAUTORDERA (SANTA MARIA DE PALAUTORDERA)<\/li>\n\n\n\n<li><strong>Correu electr\u00f2nic:<\/strong>&nbsp;info@ctsolucions.es<\/li>\n\n\n\n<li><strong>Registre Mercantil de Bcn, volum 39632, Foli 157, Full B.<\/strong><\/li>\n<\/ul>\n\n\n\n<p>En aquest espai, l&#8217;usuari, podr\u00e0 trobar tota la informaci\u00f3 relativa als termes i condicions legals que defineixen les relacions entre els usuaris i nosaltres com a responsables d&#8217;aquesta web. Com a usuari, \u00e9s important que coneguis aquests termes abans de continuar la teva navegaci\u00f3.<\/p>\n\n\n\n<p>CT\u202fSolucions\u202fSL (CENTRES DE\u202fTRANSFORMACI\u00d3&nbsp;SOLUCIONS\u202fSL),&nbsp;com a responsables d&#8217;aquesta web, assumim el comprom\u00eds de processar la informaci\u00f3 dels nostres usuaris i clients amb plenes garanties i complir amb els requisits nacionals i europeus que regulen la recopilaci\u00f3 i \u00fas de les dades personals dels nostres usuaris.<\/p>\n\n\n\n<p>Aquesta web, per tant, compleix rigorosament amb el Reglament (UE) 2016\/679 del Parlament Europeu i del Consell de 27 d&#8217;abril de 2016 relatiu a la protecci\u00f3 de les persones f\u00edsiques (RGPD), la Llei org\u00e0nica 3\/2018, de 5 de desembre, de Protecci\u00f3 de Dades Personals i garantia dels drets digitals (LOPDGDD), aix\u00ed com amb la Llei 34\/2002, d&#8217;11 de juliol, de Serveis de la Societat de la Informaci\u00f3 i Comer\u00e7 Electr\u00f2nic (LSSICE\u202fo\u202fLSSI).<\/p>\n\n\n\n<h2 class=\"wp-block-heading\"><strong>Condicions generals d&#8217;\u00fas<\/strong><\/h2>\n\n\n\n<p>Les presents Condicions Generals regulen l&#8217;\u00fas (incloent-hi&nbsp;el mer acc\u00e9s) de les p\u00e0gines de web, integrants del lloc web de\u202fCT\u202fSolucions\u202fSL inclosos els continguts i serveis posats a disposici\u00f3 en elles. Tota persona que accedeixi a la web, https:\/\/www.ctsolucions.com (\u201cusuari\u201d) accepta sotmetre&#8217;s a les Condicions Generals vigents a cada moment del portal https:\/\/www.ctsolucions.com.<\/p>\n\n\n\n<h2 class=\"wp-block-heading\"><strong>Dades personals que recaptem i com ho fem<\/strong><\/h2>\n\n\n\n<p>Llegir Pol\u00edtica de Privacitat.<\/p>\n\n\n\n<h2 class=\"wp-block-heading\"><strong>Compromisos i obligacions dels usuaris<\/strong><\/h2>\n\n\n\n<p>L&#8217;usuari queda informat, i accepta, que l&#8217;acc\u00e9s a la present web no suposa, de cap manera, l&#8217;inici d&#8217;una relaci\u00f3 comercial amb\u202fCT\u202fSolucions\u202fSL. D&#8217;aquesta forma, l&#8217;usuari es compromet a utilitzar el lloc web, els seus serveis i continguts sense contravenir la legislaci\u00f3 vigent, la bona fe i l&#8217;ordre p\u00fablic.<\/p>\n\n\n\n<p>Queda prohibit l&#8217;\u00fas de la web, amb finalitats il\u00b7l\u00edcites o lesives, o que, de qualsevol forma, puguin causar perjudici o impedir el normal funcionament del lloc web. Respecte dels continguts d&#8217;aquesta web, es prohibeix:<\/p>\n\n\n\n<ul class=\"wp-block-list\">\n<li>La seva reproducci\u00f3, distribuci\u00f3 o modificaci\u00f3, total o parcial, tret que es compti amb l&#8217;autoritzaci\u00f3 dels seus leg\u00edtims titulars;<\/li>\n\n\n\n<li>Qualsevol vulneraci\u00f3 dels drets del prestador o dels leg\u00edtims titulars;<\/li>\n\n\n\n<li>La seva utilitzaci\u00f3 per a finalitats comercials o publicit\u00e0ries.<\/li>\n<\/ul>\n\n\n\n<p>En la utilitzaci\u00f3 de la web, https:\/\/www.ctsolucions.com l&#8217;usuari es compromet a no dur a terme <strong>cap conducta<\/strong> que pogu\u00e9s danyar la imatge, els interessos i els drets de\u202fCT\u202fSolucions\u202fSL o de tercers o que pogu\u00e9s danyar, inutilitzar o sobrecarregar el portal https:\/\/www.ctsolucions.com o que imped\u00eds, de qualsevol forma, la normal utilitzaci\u00f3 de la web.<\/p>\n\n\n\n<p>No obstant aix\u00f2, l&#8217;usuari deu ser conscient que les mesures de seguretat dels sistemes inform\u00e0tics en Internet no s\u00f3n enterament fiables i que, per tant https:\/\/www.ctsolucions.com no pot garantir la inexist\u00e8ncia de\u202fmalware\u202fo altres elements que puguin produir alteracions en els sistemes inform\u00e0tics (programari i maquinari) de l&#8217;usuari o en els seus documents electr\u00f2nics i fitxers continguts en els mateixos encara que posem tots els mitjans necessaris i les mesures de seguretat oportunes per a evitar la pres\u00e8ncia d&#8217;aquests elements nocius.<\/p>\n\n\n\n<h2 class=\"wp-block-heading\"><strong>Mesures de seguretat<\/strong><\/h2>\n\n\n\n<p>Les dades personals comunicades&nbsp;per l&#8217;usuari a\u202fCT&nbsp;Solucions\u202fSL poden ser emmagatzemats en bases de dades automatitzades o no, la titularitat de les quals&nbsp;correspon en exclusiva a CENTRES DE&nbsp;TRANSFORMACI\u00d3\u202fSOLUCIONS\u202fSL, assumint aquesta totes les mesures d&#8217;\u00edndole t\u00e8cnica, organitzativa i de seguretat que garanteixen la confidencialitat, integritat i qualitat de la informaci\u00f3 continguda en les mateixes d&#8217;acord amb el que s&#8217;estableix en la normativa vigent en protecci\u00f3 de&nbsp;dades. La comunicaci\u00f3 entre els usuaris i https:\/\/www.ctsolucions.com utilitza un canal segur, i les dades transmeses s\u00f3n xifrats gr\u00e0cies a protocols a&nbsp;https, per tant, garantim les millors condicions de seguretat perqu\u00e8 la confidencialitat dels usuaris estigui garantida.<\/p>\n\n\n\n<h2 class=\"wp-block-heading\"><strong>Plataforma de resoluci\u00f3 de conflictes<\/strong><\/h2>\n\n\n\n<p>Posem tamb\u00e9 a la disposici\u00f3 dels usuaris la plataforma de resoluci\u00f3 de litigis que facilita la Comissi\u00f3 Europea i que es troba disponible en el seg\u00fcent enlla\u00e7:&nbsp;<a rel=\"noreferrer noopener\" href=\"http:\/\/ec.europa.eu\/consumers\/odr\/\" target=\"_blank\">http:\/\/ec.europa.eu\/consumers\/odr\/<\/a><\/p>\n\n\n\n<h2 class=\"wp-block-heading\"><strong>Drets de propietat intel\u00b7lectual i industrial<\/strong><\/h2>\n\n\n\n<p>En virtut de la Llei de Propietat Intel\u00b7lectual, queden expressament prohibides la reproducci\u00f3, la distribuci\u00f3 i la comunicaci\u00f3 p\u00fablica, inclosa la seva modalitat de posada a disposici\u00f3, de la totalitat o part dels continguts d&#8217;aquesta p\u00e0gina web, amb finalitats comercials, en qualsevol suport i per qualsevol mitj\u00e0 t\u00e8cnic, sense l&#8217;autoritzaci\u00f3 de\u202fCT\u202fSolucions\u202fSL. L&#8217;usuari es compromet a respectar els drets de Propietat Intel\u00b7lectual i Industrial titularitat de\u202fCT\u202fSolucions&nbsp;SL.&nbsp;<\/p>\n\n\n\n<p>L&#8217;usuari coneix i accepta que la totalitat del lloc web, contenint sense car\u00e0cter exhaustiu el text, programari, continguts (incloent-hi&nbsp;estructura, selecci\u00f3, ordenaci\u00f3 i presentaci\u00f3 dels mateixos)&nbsp;podcast, fotografies, material audiovisual i gr\u00e0fics, est\u00e0 protegida per marques, drets d&#8217;autor i altres drets leg\u00edtims, d&#8217;acord amb els tractats internacionals en els quals Espanya \u00e9s part i altres drets de propietat i lleis d&#8217;Espanya.<\/p>\n\n\n\n<p>En el cas que un usuari o un tercer considerin que s&#8217;ha produ\u00eft una violaci\u00f3 dels seus leg\u00edtims drets de propietat intel\u00b7lectual per la introducci\u00f3 d&#8217;un determinat contingut en la web, haur\u00e0 de notificar aquesta circumst\u00e0ncia a\u202fCT\u202fSolucions\u202fSL indicant:<\/p>\n\n\n\n<ul class=\"wp-block-list\">\n<li>Dades personals de l&#8217;interessat titular dels drets presumptament infringits, o indicar la representaci\u00f3 amb la qual actua en cas que la reclamaci\u00f3 la presenti&nbsp;un tercer diferent de l&#8217;interessat.<\/li>\n\n\n\n<li>Assenyalar els continguts protegits pels drets de propietat intel\u00b7lectual i la seva ubicaci\u00f3 en la&nbsp;web, l&#8217;acreditaci\u00f3 dels drets de propietat intel\u00b7lectual assenyalats i declaraci\u00f3 expressa en la qual l&#8217;interessat es responsabilitza de la veracitat de les informacions facilitades en la notificaci\u00f3.<\/li>\n<\/ul>\n\n\n\n<h2 class=\"wp-block-heading\">Exclusi\u00f3 de garanties i responsable<\/h2>\n\n\n\n<p><strong>CENTRES DE\u202fTRANSFORMACI\u00d3\u202fSOLUCIONS\u202fSL&nbsp;(CT&nbsp;Solucions\u202fSL) no atorga cap garantia ni es fa responsable, en cap cas, dels danys i perjudicis de qualsevol naturalesa que poguessin portar causa de:<\/strong><\/p>\n\n\n\n<ul class=\"wp-block-list\">\n<li>La falta de disponibilitat, manteniment i efectiu funcionament de la web, o dels seus serveis i continguts;<\/li>\n\n\n\n<li>L&#8217;exist\u00e8ncia de\u202fmalware, programes maliciosos o lesius en els continguts;<\/li>\n\n\n\n<li>L&#8217;\u00fas il\u00b7l\u00edcit, negligent, fraudulent o contrari a aquest Av\u00eds Legal;<\/li>\n\n\n\n<li>La falta de licitud, qualitat, fiabilitat, utilitat i disponibilitat dels serveis prestats per tercers i llocs a la disposici\u00f3 dels usuaris en el lloc web.<\/li>\n\n\n\n<li>El prestador no es fa responsable en cap concepte dels danys que poguessin dimanar de l&#8217;\u00fas il\u00b7legal o indegut de la present p\u00e0gina web.<\/li>\n<\/ul>\n\n\n\n<h2 class=\"wp-block-heading\"><strong>Legislaci\u00f3 i fur aplicable<\/strong><\/h2>\n\n\n\n<p>Amb car\u00e0cter general les relacions&nbsp;amb els usuaris dels seus serveis telem\u00e0tics, presents en aquesta web es troben sotmeses a la legislaci\u00f3 d&#8217;ESPANYA i als jutjats i tribunals de SANTA MARIA DE PALAUTORDERA.<\/p>\n\n\n\n<h2 class=\"wp-block-heading\">Contacte<\/h2>\n\n\n\n<p>En cas que qualsevol usuari tingu\u00e9s algun dubte sobre aquestes Condicions legals o qualsevol comentari sobre el portal https:\/\/www.ctsolucions.com, si us plau,&nbsp;dirigeixi&#8217;s a info@ctsolucions.es.&nbsp;<br>&nbsp;<\/p>\n\n\n\n<p>L&#8217;av\u00eds legal ha&nbsp;estat actualitzat&nbsp;per \u00faltima vegada el 05-06-2019.&nbsp;<\/p>\n","protected":false},"excerpt":{"rendered":"<p>Dades del Responsable En aquest espai, l&#8217;usuari, podr\u00e0 trobar tota la informaci\u00f3 relativa als termes i condicions legals que defineixen les relacions entre els usuaris i nosaltres com a responsables d&#8217;aquesta web. Com a usuari, \u00e9s important que coneguis aquests termes abans de continuar la teva navegaci\u00f3. CT\u202fSolucions\u202fSL (CENTRES DE\u202fTRANSFORMACI\u00d3&nbsp;SOLUCIONS\u202fSL),&nbsp;com a responsables d&#8217;aquesta web, assumim<\/p>\n","protected":false},"author":3,"featured_media":0,"parent":0,"menu_order":0,"comment_status":"closed","ping_status":"closed","template":"","meta":{"_monsterinsights_skip_tracking":false,"_monsterinsights_sitenote_active":false,"_monsterinsights_sitenote_note":"","_monsterinsights_sitenote_category":0,"footnotes":""},"class_list":["post-1820","page","type-page","status-publish","hentry"],"yoast_head":"<!-- This site is optimized with the Yoast SEO plugin v25.2 - https:\/\/yoast.com\/wordpress\/plugins\/seo\/ -->\n<title>Av\u00eds Legal<\/title>\n<meta name=\"robots\" content=\"index, follow, max-snippet:-1, max-image-preview:large, max-video-preview:-1\" \/>\n<link rel=\"canonical\" href=\"https:\/\/ctsolucions.com\/ca\/aviso-legal\" \/>\n<meta property=\"og:locale\" content=\"ca_ES\" \/>\n<meta property=\"og:type\" content=\"article\" \/>\n<meta property=\"og:title\" content=\"Av\u00eds Legal\" \/>\n<meta property=\"og:description\" content=\"Dades del Responsable En aquest espai, l&#8217;usuari, podr\u00e0 trobar tota la informaci\u00f3 relativa als termes i condicions legals que defineixen les relacions entre els usuaris i nosaltres com a responsables d&#8217;aquesta web. Com a usuari, \u00e9s important que coneguis aquests termes abans de continuar la teva navegaci\u00f3. CT\u202fSolucions\u202fSL (CENTRES DE\u202fTRANSFORMACI\u00d3&nbsp;SOLUCIONS\u202fSL),&nbsp;com a responsables d&#8217;aquesta web, assumim\" \/>\n<meta property=\"og:url\" content=\"https:\/\/ctsolucions.com\/ca\/aviso-legal\" \/>\n<meta property=\"og:site_name\" content=\"CT Solucions\" \/>\n<meta property=\"article:modified_time\" content=\"2026-02-13T09:40:50+00:00\" \/>\n<meta name=\"twitter:card\" content=\"summary_large_image\" \/>\n<meta name=\"twitter:label1\" content=\"Temps estimat de lectura\" \/>\n\t<meta name=\"twitter:data1\" content=\"6 minuts\" \/>\n<script type=\"application\/ld+json\" class=\"yoast-schema-graph\">{\"@context\":\"https:\/\/schema.org\",\"@graph\":[{\"@type\":\"WebPage\",\"@id\":\"https:\/\/ctsolucions.com\/ca\/aviso-legal\",\"url\":\"https:\/\/ctsolucions.com\/ca\/aviso-legal\",\"name\":\"Av\u00eds Legal\",\"isPartOf\":{\"@id\":\"https:\/\/ctsolucions.com\/ca#website\"},\"datePublished\":\"2019-06-04T13:03:47+00:00\",\"dateModified\":\"2026-02-13T09:40:50+00:00\",\"breadcrumb\":{\"@id\":\"https:\/\/ctsolucions.com\/ca\/aviso-legal#breadcrumb\"},\"inLanguage\":\"ca\",\"potentialAction\":[{\"@type\":\"ReadAction\",\"target\":[\"https:\/\/ctsolucions.com\/ca\/aviso-legal\"]}]},{\"@type\":\"BreadcrumbList\",\"@id\":\"https:\/\/ctsolucions.com\/ca\/aviso-legal#breadcrumb\",\"itemListElement\":[{\"@type\":\"ListItem\",\"position\":1,\"name\":\"Portada\",\"item\":\"https:\/\/ctsolucions.com\/ca\"},{\"@type\":\"ListItem\",\"position\":2,\"name\":\"Av\u00eds Legal\"}]},{\"@type\":\"WebSite\",\"@id\":\"https:\/\/ctsolucions.com\/ca#website\",\"url\":\"https:\/\/ctsolucions.com\/ca\",\"name\":\"CT Solucions\",\"description\":\"Centres de Transformaci\u00f3 Solucions\",\"potentialAction\":[{\"@type\":\"SearchAction\",\"target\":{\"@type\":\"EntryPoint\",\"urlTemplate\":\"https:\/\/ctsolucions.com\/ca?s={search_term_string}\"},\"query-input\":{\"@type\":\"PropertyValueSpecification\",\"valueRequired\":true,\"valueName\":\"search_term_string\"}}],\"inLanguage\":\"ca\"}]}<\/script>\n<!-- \/ Yoast SEO plugin. -->","yoast_head_json":{"title":"Av\u00eds Legal","robots":{"index":"index","follow":"follow","max-snippet":"max-snippet:-1","max-image-preview":"max-image-preview:large","max-video-preview":"max-video-preview:-1"},"canonical":"https:\/\/ctsolucions.com\/ca\/aviso-legal","og_locale":"ca_ES","og_type":"article","og_title":"Av\u00eds Legal","og_description":"Dades del Responsable En aquest espai, l&#8217;usuari, podr\u00e0 trobar tota la informaci\u00f3 relativa als termes i condicions legals que defineixen les relacions entre els usuaris i nosaltres com a responsables d&#8217;aquesta web. Com a usuari, \u00e9s important que coneguis aquests termes abans de continuar la teva navegaci\u00f3. CT\u202fSolucions\u202fSL (CENTRES DE\u202fTRANSFORMACI\u00d3&nbsp;SOLUCIONS\u202fSL),&nbsp;com a responsables d&#8217;aquesta web, assumim","og_url":"https:\/\/ctsolucions.com\/ca\/aviso-legal","og_site_name":"CT Solucions","article_modified_time":"2026-02-13T09:40:50+00:00","twitter_card":"summary_large_image","twitter_misc":{"Temps estimat de lectura":"6 minuts"},"schema":{"@context":"https:\/\/schema.org","@graph":[{"@type":"WebPage","@id":"https:\/\/ctsolucions.com\/ca\/aviso-legal","url":"https:\/\/ctsolucions.com\/ca\/aviso-legal","name":"Av\u00eds Legal","isPartOf":{"@id":"https:\/\/ctsolucions.com\/ca#website"},"datePublished":"2019-06-04T13:03:47+00:00","dateModified":"2026-02-13T09:40:50+00:00","breadcrumb":{"@id":"https:\/\/ctsolucions.com\/ca\/aviso-legal#breadcrumb"},"inLanguage":"ca","potentialAction":[{"@type":"ReadAction","target":["https:\/\/ctsolucions.com\/ca\/aviso-legal"]}]},{"@type":"BreadcrumbList","@id":"https:\/\/ctsolucions.com\/ca\/aviso-legal#breadcrumb","itemListElement":[{"@type":"ListItem","position":1,"name":"Portada","item":"https:\/\/ctsolucions.com\/ca"},{"@type":"ListItem","position":2,"name":"Av\u00eds Legal"}]},{"@type":"WebSite","@id":"https:\/\/ctsolucions.com\/ca#website","url":"https:\/\/ctsolucions.com\/ca","name":"CT Solucions","description":"Centres de Transformaci\u00f3 Solucions","potentialAction":[{"@type":"SearchAction","target":{"@type":"EntryPoint","urlTemplate":"https:\/\/ctsolucions.com\/ca?s={search_term_string}"},"query-input":{"@type":"PropertyValueSpecification","valueRequired":true,"valueName":"search_term_string"}}],"inLanguage":"ca"}]}},"_links":{"self":[{"href":"https:\/\/ctsolucions.com\/ca\/wp-json\/wp\/v2\/pages\/1820","targetHints":{"allow":["GET"]}}],"collection":[{"href":"https:\/\/ctsolucions.com\/ca\/wp-json\/wp\/v2\/pages"}],"about":[{"href":"https:\/\/ctsolucions.com\/ca\/wp-json\/wp\/v2\/types\/page"}],"author":[{"embeddable":true,"href":"https:\/\/ctsolucions.com\/ca\/wp-json\/wp\/v2\/users\/3"}],"replies":[{"embeddable":true,"href":"https:\/\/ctsolucions.com\/ca\/wp-json\/wp\/v2\/comments?post=1820"}],"version-history":[{"count":4,"href":"https:\/\/ctsolucions.com\/ca\/wp-json\/wp\/v2\/pages\/1820\/revisions"}],"predecessor-version":[{"id":2210,"href":"https:\/\/ctsolucions.com\/ca\/wp-json\/wp\/v2\/pages\/1820\/revisions\/2210"}],"wp:attachment":[{"href":"https:\/\/ctsolucions.com\/ca\/wp-json\/wp\/v2\/media?parent=1820"}],"curies":[{"name":"wp","href":"https:\/\/api.w.org\/{rel}","templated":true}]}}