{"id":1822,"date":"2019-04-11T06:48:55","date_gmt":"2019-04-11T06:48:55","guid":{"rendered":"http:\/\/ctsolucions.com\/construcciones-metalicas"},"modified":"2019-07-08T10:39:04","modified_gmt":"2019-07-08T10:39:04","slug":"construccions-metal%c2%b7liques","status":"publish","type":"page","link":"https:\/\/ctsolucions.com\/ca\/construccions-metal%c2%b7liques","title":{"rendered":"Construccions Met\u00e0l\u00b7liques"},"content":{"rendered":"<section class=\"kc-elm kc-css-613598 kc_row\"><div class=\"kc-row-container  kc-container\"><div class=\"kc-wrap-columns\"><div class=\"kc-elm kc-css-761013 kc_col-sm-12 kc_column kc_col-sm-12\"><div class=\"kc-col-container\"><!--Sidebar Page Container-->\r\n<div class=\"sidebar-page-container\">\r\n    <div class=\"auto-container\">\r\n        <div class=\"row clearfix\">\r\n            \r\n            <!--Sidebar Side-->\r\n            <div class=\"sidebar-side col-lg-3 col-md-4 col-sm-6 col-xs-12\">\r\n                <aside class=\"sidebar\">\r\n                    \r\n                    \t\t\t\t\t\t<div id=\"nav_menu-3\" class=\"sidebar-widget widget_nav_menu\"><div class=\"menu-sidebar-catalan-container\"><ul id=\"menu-sidebar-catalan\" class=\"menu\"><li id=\"menu-item-1854\" class=\"menu-item menu-item-type-post_type menu-item-object-page menu-item-1854\"><a href=\"https:\/\/ctsolucions.com\/ca\/consultoria-tecnica\">Consultoria t\u00e8cnica<\/a><\/li>\n<li id=\"menu-item-1850\" class=\"menu-item menu-item-type-post_type menu-item-object-page menu-item-1850\"><a href=\"https:\/\/ctsolucions.com\/ca\/paleteria\">Paleteria<\/a><\/li>\n<li id=\"menu-item-1853\" class=\"menu-item menu-item-type-post_type menu-item-object-page menu-item-1853\"><a href=\"https:\/\/ctsolucions.com\/ca\/construccions-metal%c2%b7liques\">Construccions Met\u00e0l\u00b7liques<\/a><\/li>\n<li id=\"menu-item-1849\" class=\"menu-item menu-item-type-post_type menu-item-object-page menu-item-1849\"><a href=\"https:\/\/ctsolucions.com\/ca\/aillament-acustic\">A\u00efllament Ac\u00fastic<\/a><\/li>\n<li id=\"menu-item-1860\" class=\"menu-item menu-item-type-post_type menu-item-object-page menu-item-1860\"><a href=\"https:\/\/ctsolucions.com\/ca\/proteccio-rei-240\">Protecci\u00f3\u202fRei-240<\/a><\/li>\n<\/ul><\/div><\/div>                \t                    \r\n                <\/aside>\r\n            <\/div>\r\n            \r\n            <!--Content Side-->\r\n            <div class=\"content-side col-lg-9 col-md-8 col-sm-12 col-xs-12\">\r\n                <div class=\"services-single\">\r\n                    <div class=\"inner-service\">\r\n                        <!--Image-->\r\n                        <div class=\"single-image\">\r\n                            <img decoding=\"async\" src=\"http:\/\/ctsolucions.com\/wp-content\/uploads\/2019\/06\/Servicios_Metalica.jpg\" alt=\"Imatge impressionant\" \/>\r\n                        <\/div>\r\n                        <h2>Construccions Met\u00e0l\u00b7liques <\/h2>\r\n                        <div class=\"text\">\r\n                            <p style=\"font-weight:bold\">Comptem en les nostres instal\u00b7lacions amb un taller propi de Construccions Met\u00e0l\u00b7liques especialitzat en la fabricaci\u00f3 de Ferratges per a Estacions Transformadores. <\/p>\r\n<p>Des del taller, treballem coordinats amb els nostres equips d'obra fabricant els ferratges que integren cada projecte i els galvanitzem en calent. <\/p>\r\n<p>El recobriment que proporciona el bany de galvanitzaci\u00f3 als ferratges aporta, entre altres beneficis: l'augment de la resist\u00e8ncia a cops i abrasi\u00f3, allarga la durabilitat vers la corrosi\u00f3 i elimina el manteniment de les peces tractades.<\/p>                            \r\n                                                        \r\n                                                        \r\n                                                        \t<h2>Beneficis del servei<\/h2>\r\n                                <p><\/p>\r\n                            \r\n                                <div class=\"row clearfix\">\r\n                                    <div class=\"column col-md-6 col-sm-6 col-xs-12\">\r\n                                        <ul class=\"list-style-six\">\r\n                                                                                                                                        <li>Fabricaci\u00f3 pr\u00f2pia a mesura \r<\/li>\r\n                                                                                            <li>No depenem de terminis de lliurament de tercers<\/li>\r\n                                                                                    <\/ul>\r\n                                    <\/div>\r\n                                    <div class=\"column col-md-6 col-sm-6 col-xs-12\">\r\n                                        <ul class=\"list-style-six\">\r\n                                                                                                                                        <li>Peces en estoc \r<\/li>\r\n                                                                                            <li>Garantia de durabilitat<\/li>\r\n                                                                                    <\/ul>\r\n                                    <\/div>\r\n                                <\/div>\r\n                                                        \r\n                                                            <!--Agent Box-->\r\n                                <div class=\"agent-box\">\r\n                                    <div class=\"inner-agent\">\r\n                                        <div class=\"clearfix\">\r\n                                            <div class=\"pull-left\">\r\n                                                <div class=\"agent-title\">Have you any question or querry <\/div>\r\n                                                <h3><\/h3>\r\n                                            <\/div>\r\n                                            <div class=\"pull-right\">\r\n                                                <a href=\"\" class=\"theme-btn btn-style-one\"><\/a>\r\n                                            <\/div>\r\n                                        <\/div>\r\n                                    <\/div>\r\n                                <\/div>\r\n                                                    <\/div>\r\n                    <\/div>\r\n                <\/div>\r\n            <\/div>\r\n            \r\n        <\/div>\r\n    <\/div>\r\n<\/div>\r\n<!--End Services Section Three--><\/div><\/div><\/div><\/div><\/section>\n","protected":false},"excerpt":{"rendered":"","protected":false},"author":3,"featured_media":0,"parent":0,"menu_order":0,"comment_status":"closed","ping_status":"closed","template":"","meta":{"_monsterinsights_skip_tracking":false,"_monsterinsights_sitenote_active":false,"_monsterinsights_sitenote_note":"","_monsterinsights_sitenote_category":0,"footnotes":""},"class_list":["post-1822","page","type-page","status-publish","hentry"],"yoast_head":"<!-- This site is optimized with the Yoast SEO plugin v25.2 - https:\/\/yoast.com\/wordpress\/plugins\/seo\/ -->\n<title>Construccions Met\u00e0l\u00b7liques<\/title>\n<meta name=\"robots\" content=\"index, follow, max-snippet:-1, max-image-preview:large, max-video-preview:-1\" \/>\n<link rel=\"canonical\" href=\"https:\/\/ctsolucions.com\/ca\/construccions-metal%c2%b7liques\" \/>\n<meta property=\"og:locale\" content=\"ca_ES\" \/>\n<meta property=\"og:type\" content=\"article\" \/>\n<meta property=\"og:title\" content=\"Construccions Met\u00e0l\u00b7liques\" \/>\n<meta property=\"og:description\" content=\"Consultoria t\u00e8cnica Obra de Paleta Construccions Met\u00e0l\u00b7liques A\u00efllament Ac\u00fastic Protecci\u00f3\u202fRei-240 Profesionalidad, seguridad, innovaci\u00f3n y cercan\u00eda. \u00a1Estamos aqu\u00ed para ayudarte! Cont\u00e1ctanos Consultoria t\u00e8cnica Obra de Paleta Construccions Met\u00e0l\u00b7liques A\u00efllament Ac\u00fastic Protecci\u00f3\u202fRei-240 Professionalitat, seguretat, innovaci\u00f3 i proximitat. Estem aqu\u00ed per ajudar-te! Contacta&#8217;ns Construccions Met\u00e0l\u00b7liques Comptem en les nostres instal\u00b7lacions amb un taller propi de Construccions Met\u00e0l\u00b7liques especialitzat\" \/>\n<meta property=\"og:url\" content=\"https:\/\/ctsolucions.com\/ca\/construccions-metal%c2%b7liques\" \/>\n<meta property=\"og:site_name\" content=\"CT Solucions\" \/>\n<meta property=\"article:modified_time\" content=\"2019-07-08T10:39:04+00:00\" \/>\n<meta property=\"og:image\" content=\"https:\/\/ctsolucions.com\/wp-content\/uploads\/2019\/06\/Servicios_Metalica.jpg\" \/>\n<meta name=\"twitter:card\" content=\"summary_large_image\" \/>\n<meta name=\"twitter:label1\" content=\"Temps estimat de lectura\" \/>\n\t<meta name=\"twitter:data1\" content=\"1 minut\" \/>\n<script type=\"application\/ld+json\" class=\"yoast-schema-graph\">{\"@context\":\"https:\/\/schema.org\",\"@graph\":[{\"@type\":\"WebPage\",\"@id\":\"https:\/\/ctsolucions.com\/ca\/construccions-metal%c2%b7liques\",\"url\":\"https:\/\/ctsolucions.com\/ca\/construccions-metal%c2%b7liques\",\"name\":\"Construccions Met\u00e0l\u00b7liques\",\"isPartOf\":{\"@id\":\"https:\/\/ctsolucions.com\/ca#website\"},\"primaryImageOfPage\":{\"@id\":\"https:\/\/ctsolucions.com\/ca\/construccions-metal%c2%b7liques#primaryimage\"},\"image\":{\"@id\":\"https:\/\/ctsolucions.com\/ca\/construccions-metal%c2%b7liques#primaryimage\"},\"thumbnailUrl\":\"https:\/\/ctsolucions.com\/wp-content\/uploads\/2019\/06\/Servicios_Metalica.jpg\",\"datePublished\":\"2019-04-11T06:48:55+00:00\",\"dateModified\":\"2019-07-08T10:39:04+00:00\",\"breadcrumb\":{\"@id\":\"https:\/\/ctsolucions.com\/ca\/construccions-metal%c2%b7liques#breadcrumb\"},\"inLanguage\":\"ca\",\"potentialAction\":[{\"@type\":\"ReadAction\",\"target\":[\"https:\/\/ctsolucions.com\/ca\/construccions-metal%c2%b7liques\"]}]},{\"@type\":\"ImageObject\",\"inLanguage\":\"ca\",\"@id\":\"https:\/\/ctsolucions.com\/ca\/construccions-metal%c2%b7liques#primaryimage\",\"url\":\"https:\/\/ctsolucions.com\/wp-content\/uploads\/2019\/06\/Servicios_Metalica.jpg\",\"contentUrl\":\"https:\/\/ctsolucions.com\/wp-content\/uploads\/2019\/06\/Servicios_Metalica.jpg\"},{\"@type\":\"BreadcrumbList\",\"@id\":\"https:\/\/ctsolucions.com\/ca\/construccions-metal%c2%b7liques#breadcrumb\",\"itemListElement\":[{\"@type\":\"ListItem\",\"position\":1,\"name\":\"Portada\",\"item\":\"https:\/\/ctsolucions.com\/ca\"},{\"@type\":\"ListItem\",\"position\":2,\"name\":\"Construccions Met\u00e0l\u00b7liques\"}]},{\"@type\":\"WebSite\",\"@id\":\"https:\/\/ctsolucions.com\/ca#website\",\"url\":\"https:\/\/ctsolucions.com\/ca\",\"name\":\"CT Solucions\",\"description\":\"Centres de Transformaci\u00f3 Solucions\",\"potentialAction\":[{\"@type\":\"SearchAction\",\"target\":{\"@type\":\"EntryPoint\",\"urlTemplate\":\"https:\/\/ctsolucions.com\/ca?s={search_term_string}\"},\"query-input\":{\"@type\":\"PropertyValueSpecification\",\"valueRequired\":true,\"valueName\":\"search_term_string\"}}],\"inLanguage\":\"ca\"}]}<\/script>\n<!-- \/ Yoast SEO plugin. -->","yoast_head_json":{"title":"Construccions Met\u00e0l\u00b7liques","robots":{"index":"index","follow":"follow","max-snippet":"max-snippet:-1","max-image-preview":"max-image-preview:large","max-video-preview":"max-video-preview:-1"},"canonical":"https:\/\/ctsolucions.com\/ca\/construccions-metal%c2%b7liques","og_locale":"ca_ES","og_type":"article","og_title":"Construccions Met\u00e0l\u00b7liques","og_description":"Consultoria t\u00e8cnica Obra de Paleta Construccions Met\u00e0l\u00b7liques A\u00efllament Ac\u00fastic Protecci\u00f3\u202fRei-240 Profesionalidad, seguridad, innovaci\u00f3n y cercan\u00eda. \u00a1Estamos aqu\u00ed para ayudarte! Cont\u00e1ctanos Consultoria t\u00e8cnica Obra de Paleta Construccions Met\u00e0l\u00b7liques A\u00efllament Ac\u00fastic Protecci\u00f3\u202fRei-240 Professionalitat, seguretat, innovaci\u00f3 i proximitat. Estem aqu\u00ed per ajudar-te! Contacta&#8217;ns Construccions Met\u00e0l\u00b7liques Comptem en les nostres instal\u00b7lacions amb un taller propi de Construccions Met\u00e0l\u00b7liques especialitzat","og_url":"https:\/\/ctsolucions.com\/ca\/construccions-metal%c2%b7liques","og_site_name":"CT Solucions","article_modified_time":"2019-07-08T10:39:04+00:00","og_image":[{"url":"https:\/\/ctsolucions.com\/wp-content\/uploads\/2019\/06\/Servicios_Metalica.jpg","type":"","width":"","height":""}],"twitter_card":"summary_large_image","twitter_misc":{"Temps estimat de lectura":"1 minut"},"schema":{"@context":"https:\/\/schema.org","@graph":[{"@type":"WebPage","@id":"https:\/\/ctsolucions.com\/ca\/construccions-metal%c2%b7liques","url":"https:\/\/ctsolucions.com\/ca\/construccions-metal%c2%b7liques","name":"Construccions Met\u00e0l\u00b7liques","isPartOf":{"@id":"https:\/\/ctsolucions.com\/ca#website"},"primaryImageOfPage":{"@id":"https:\/\/ctsolucions.com\/ca\/construccions-metal%c2%b7liques#primaryimage"},"image":{"@id":"https:\/\/ctsolucions.com\/ca\/construccions-metal%c2%b7liques#primaryimage"},"thumbnailUrl":"https:\/\/ctsolucions.com\/wp-content\/uploads\/2019\/06\/Servicios_Metalica.jpg","datePublished":"2019-04-11T06:48:55+00:00","dateModified":"2019-07-08T10:39:04+00:00","breadcrumb":{"@id":"https:\/\/ctsolucions.com\/ca\/construccions-metal%c2%b7liques#breadcrumb"},"inLanguage":"ca","potentialAction":[{"@type":"ReadAction","target":["https:\/\/ctsolucions.com\/ca\/construccions-metal%c2%b7liques"]}]},{"@type":"ImageObject","inLanguage":"ca","@id":"https:\/\/ctsolucions.com\/ca\/construccions-metal%c2%b7liques#primaryimage","url":"https:\/\/ctsolucions.com\/wp-content\/uploads\/2019\/06\/Servicios_Metalica.jpg","contentUrl":"https:\/\/ctsolucions.com\/wp-content\/uploads\/2019\/06\/Servicios_Metalica.jpg"},{"@type":"BreadcrumbList","@id":"https:\/\/ctsolucions.com\/ca\/construccions-metal%c2%b7liques#breadcrumb","itemListElement":[{"@type":"ListItem","position":1,"name":"Portada","item":"https:\/\/ctsolucions.com\/ca"},{"@type":"ListItem","position":2,"name":"Construccions Met\u00e0l\u00b7liques"}]},{"@type":"WebSite","@id":"https:\/\/ctsolucions.com\/ca#website","url":"https:\/\/ctsolucions.com\/ca","name":"CT Solucions","description":"Centres de Transformaci\u00f3 Solucions","potentialAction":[{"@type":"SearchAction","target":{"@type":"EntryPoint","urlTemplate":"https:\/\/ctsolucions.com\/ca?s={search_term_string}"},"query-input":{"@type":"PropertyValueSpecification","valueRequired":true,"valueName":"search_term_string"}}],"inLanguage":"ca"}]}},"_links":{"self":[{"href":"https:\/\/ctsolucions.com\/ca\/wp-json\/wp\/v2\/pages\/1822","targetHints":{"allow":["GET"]}}],"collection":[{"href":"https:\/\/ctsolucions.com\/ca\/wp-json\/wp\/v2\/pages"}],"about":[{"href":"https:\/\/ctsolucions.com\/ca\/wp-json\/wp\/v2\/types\/page"}],"author":[{"embeddable":true,"href":"https:\/\/ctsolucions.com\/ca\/wp-json\/wp\/v2\/users\/3"}],"replies":[{"embeddable":true,"href":"https:\/\/ctsolucions.com\/ca\/wp-json\/wp\/v2\/comments?post=1822"}],"version-history":[{"count":0,"href":"https:\/\/ctsolucions.com\/ca\/wp-json\/wp\/v2\/pages\/1822\/revisions"}],"wp:attachment":[{"href":"https:\/\/ctsolucions.com\/ca\/wp-json\/wp\/v2\/media?parent=1822"}],"curies":[{"name":"wp","href":"https:\/\/api.w.org\/{rel}","templated":true}]}}