{"id":1826,"date":"2019-04-11T06:50:58","date_gmt":"2019-04-11T06:50:58","guid":{"rendered":"http:\/\/ctsolucions.com\/paleteria"},"modified":"2019-07-08T11:17:47","modified_gmt":"2019-07-08T11:17:47","slug":"paleteria","status":"publish","type":"page","link":"https:\/\/ctsolucions.com\/ca\/paleteria","title":{"rendered":"Paleteria"},"content":{"rendered":"<section class=\"kc-elm kc-css-943100 kc_row\"><div class=\"kc-row-container  kc-container\"><div class=\"kc-wrap-columns\"><div class=\"kc-elm kc-css-147319 kc_col-sm-12 kc_column kc_col-sm-12\"><div class=\"kc-col-container\"><!--Sidebar Page Container-->\r\n<div class=\"sidebar-page-container\">\r\n    <div class=\"auto-container\">\r\n        <div class=\"row clearfix\">\r\n            \r\n            <!--Sidebar Side-->\r\n            <div class=\"sidebar-side col-lg-3 col-md-4 col-sm-6 col-xs-12\">\r\n                <aside class=\"sidebar\">\r\n                    \r\n                    \t\t\t\t\t\t<div id=\"nav_menu-3\" class=\"sidebar-widget widget_nav_menu\"><div class=\"menu-sidebar-catalan-container\"><ul id=\"menu-sidebar-catalan\" class=\"menu\"><li id=\"menu-item-1854\" class=\"menu-item menu-item-type-post_type menu-item-object-page menu-item-1854\"><a href=\"https:\/\/ctsolucions.com\/ca\/consultoria-tecnica\">Consultoria t\u00e8cnica<\/a><\/li>\n<li id=\"menu-item-1850\" class=\"menu-item menu-item-type-post_type menu-item-object-page menu-item-1850\"><a href=\"https:\/\/ctsolucions.com\/ca\/paleteria\">Paleteria<\/a><\/li>\n<li id=\"menu-item-1853\" class=\"menu-item menu-item-type-post_type menu-item-object-page menu-item-1853\"><a href=\"https:\/\/ctsolucions.com\/ca\/construccions-metal%c2%b7liques\">Construccions Met\u00e0l\u00b7liques<\/a><\/li>\n<li id=\"menu-item-1849\" class=\"menu-item menu-item-type-post_type menu-item-object-page menu-item-1849\"><a href=\"https:\/\/ctsolucions.com\/ca\/aillament-acustic\">A\u00efllament Ac\u00fastic<\/a><\/li>\n<li id=\"menu-item-1860\" class=\"menu-item menu-item-type-post_type menu-item-object-page menu-item-1860\"><a href=\"https:\/\/ctsolucions.com\/ca\/proteccio-rei-240\">Protecci\u00f3\u202fRei-240<\/a><\/li>\n<\/ul><\/div><\/div>                \t                    \r\n                <\/aside>\r\n            <\/div>\r\n            \r\n            <!--Content Side-->\r\n            <div class=\"content-side col-lg-9 col-md-8 col-sm-12 col-xs-12\">\r\n                <div class=\"services-single\">\r\n                    <div class=\"inner-service\">\r\n                        <!--Image-->\r\n                        <div class=\"single-image\">\r\n                            <img decoding=\"async\" src=\"http:\/\/ctsolucions.com\/wp-content\/uploads\/2019\/06\/Servicios_Paleteria.jpg\" alt=\"Imatge impressionant\" \/>\r\n                        <\/div>\r\n                        <h2>Paleteria<\/h2>\r\n                        <div class=\"text\">\r\n                            <p style=\"font-weight:bold\">Comptem amb equips d'obra formats per oficials de 1a, 2a i peons especialistes. <\/p>\r\n<p>L'experi\u00e8ncia acumulada en aquesta construcci\u00f3 tan especialitzada, ens permet anticipar-nos als imprevistos que poden sorgir durant l'execuci\u00f3 de les feines garantint que cada obra s'ajusti estrictament al projecte de l'enginyeria i optimitzant els terminis de lliurament. <\/p>                            \r\n                                                        \r\n                                                        \r\n                                                        \t<h2>Beneficis del servei <\/h2>\r\n                                <p><\/p>\r\n                            \r\n                                <div class=\"row clearfix\">\r\n                                    <div class=\"column col-md-6 col-sm-6 col-xs-12\">\r\n                                        <ul class=\"list-style-six\">\r\n                                                                                                                                        <li>Optimitzaci\u00f3 dels terminis d'execuci\u00f3\r<\/li>\r\n                                                                                            <li>Qualitat dels treballs<\/li>\r\n                                                                                    <\/ul>\r\n                                    <\/div>\r\n                                    <div class=\"column col-md-6 col-sm-6 col-xs-12\">\r\n                                        <ul class=\"list-style-six\">\r\n                                                                                                                                        <li>Fidelitat al projecte de l'enginyeria\r<\/li>\r\n                                                                                            <li>Experi\u00e8ncia constatada en el sector<\/li>\r\n                                                                                    <\/ul>\r\n                                    <\/div>\r\n                                <\/div>\r\n                                                        \r\n                                                            <!--Agent Box-->\r\n                                <div class=\"agent-box\">\r\n                                    <div class=\"inner-agent\">\r\n                                        <div class=\"clearfix\">\r\n                                            <div class=\"pull-left\">\r\n                                                <div class=\"agent-title\">Have you any question or querry <\/div>\r\n                                                <h3><\/h3>\r\n                                            <\/div>\r\n                                            <div class=\"pull-right\">\r\n                                                <a href=\"\" class=\"theme-btn btn-style-one\"><\/a>\r\n                                            <\/div>\r\n                                        <\/div>\r\n                                    <\/div>\r\n                                <\/div>\r\n                                                    <\/div>\r\n                    <\/div>\r\n                <\/div>\r\n            <\/div>\r\n            \r\n        <\/div>\r\n    <\/div>\r\n<\/div>\r\n<!--End Services Section Three--><\/div><\/div><\/div><\/div><\/section>\n","protected":false},"excerpt":{"rendered":"","protected":false},"author":3,"featured_media":0,"parent":0,"menu_order":0,"comment_status":"closed","ping_status":"closed","template":"","meta":{"_monsterinsights_skip_tracking":false,"_monsterinsights_sitenote_active":false,"_monsterinsights_sitenote_note":"","_monsterinsights_sitenote_category":0,"footnotes":""},"class_list":["post-1826","page","type-page","status-publish","hentry"],"yoast_head":"<!-- This site is optimized with the Yoast SEO plugin v25.2 - https:\/\/yoast.com\/wordpress\/plugins\/seo\/ -->\n<title>Paleteria<\/title>\n<meta name=\"robots\" content=\"index, follow, max-snippet:-1, max-image-preview:large, max-video-preview:-1\" \/>\n<link rel=\"canonical\" href=\"https:\/\/ctsolucions.com\/ca\/paleteria\" \/>\n<meta property=\"og:locale\" content=\"ca_ES\" \/>\n<meta property=\"og:type\" content=\"article\" \/>\n<meta property=\"og:title\" content=\"Paleteria\" \/>\n<meta property=\"og:description\" content=\"Consultoria t\u00e8cnica Paleteria Construccions Met\u00e0l\u00b7liques A\u00efllament Ac\u00fastic Protecci\u00f3\u202fRei-240 Profesionalidad, seguridad, innovaci\u00f3n y cercan\u00eda. \u00a1Estamos aqu\u00ed para ayudarte! Cont\u00e1ctanos Consultoria t\u00e8cnica Paleteria Construccions Met\u00e0l\u00b7liques A\u00efllament Ac\u00fastic Protecci\u00f3\u202fRei-240 Professionalitat, seguretat, innovaci\u00f3 i proximitat. Estem aqu\u00ed per ajudar-te! Contacta&#8217;ns Paleteria Comptem amb equips d&#8217;obra formats per oficials de 1a, 2a i peons especialistes. L&#8217;experi\u00e8ncia acumulada en aquesta construcci\u00f3\" \/>\n<meta property=\"og:url\" content=\"https:\/\/ctsolucions.com\/ca\/paleteria\" \/>\n<meta property=\"og:site_name\" content=\"CT Solucions\" \/>\n<meta property=\"article:modified_time\" content=\"2019-07-08T11:17:47+00:00\" \/>\n<meta property=\"og:image\" content=\"https:\/\/ctsolucions.com\/wp-content\/uploads\/2019\/06\/Servicios_Paleteria.jpg\" \/>\n<meta name=\"twitter:card\" content=\"summary_large_image\" \/>\n<meta name=\"twitter:label1\" content=\"Temps estimat de lectura\" \/>\n\t<meta name=\"twitter:data1\" content=\"1 minut\" \/>\n<script type=\"application\/ld+json\" class=\"yoast-schema-graph\">{\"@context\":\"https:\/\/schema.org\",\"@graph\":[{\"@type\":\"WebPage\",\"@id\":\"https:\/\/ctsolucions.com\/ca\/paleteria\",\"url\":\"https:\/\/ctsolucions.com\/ca\/paleteria\",\"name\":\"Paleteria\",\"isPartOf\":{\"@id\":\"https:\/\/ctsolucions.com\/ca#website\"},\"primaryImageOfPage\":{\"@id\":\"https:\/\/ctsolucions.com\/ca\/paleteria#primaryimage\"},\"image\":{\"@id\":\"https:\/\/ctsolucions.com\/ca\/paleteria#primaryimage\"},\"thumbnailUrl\":\"https:\/\/ctsolucions.com\/wp-content\/uploads\/2019\/06\/Servicios_Paleteria.jpg\",\"datePublished\":\"2019-04-11T06:50:58+00:00\",\"dateModified\":\"2019-07-08T11:17:47+00:00\",\"breadcrumb\":{\"@id\":\"https:\/\/ctsolucions.com\/ca\/paleteria#breadcrumb\"},\"inLanguage\":\"ca\",\"potentialAction\":[{\"@type\":\"ReadAction\",\"target\":[\"https:\/\/ctsolucions.com\/ca\/paleteria\"]}]},{\"@type\":\"ImageObject\",\"inLanguage\":\"ca\",\"@id\":\"https:\/\/ctsolucions.com\/ca\/paleteria#primaryimage\",\"url\":\"https:\/\/ctsolucions.com\/wp-content\/uploads\/2019\/06\/Servicios_Paleteria.jpg\",\"contentUrl\":\"https:\/\/ctsolucions.com\/wp-content\/uploads\/2019\/06\/Servicios_Paleteria.jpg\"},{\"@type\":\"BreadcrumbList\",\"@id\":\"https:\/\/ctsolucions.com\/ca\/paleteria#breadcrumb\",\"itemListElement\":[{\"@type\":\"ListItem\",\"position\":1,\"name\":\"Portada\",\"item\":\"https:\/\/ctsolucions.com\/ca\"},{\"@type\":\"ListItem\",\"position\":2,\"name\":\"Paleteria\"}]},{\"@type\":\"WebSite\",\"@id\":\"https:\/\/ctsolucions.com\/ca#website\",\"url\":\"https:\/\/ctsolucions.com\/ca\",\"name\":\"CT Solucions\",\"description\":\"Centres de Transformaci\u00f3 Solucions\",\"potentialAction\":[{\"@type\":\"SearchAction\",\"target\":{\"@type\":\"EntryPoint\",\"urlTemplate\":\"https:\/\/ctsolucions.com\/ca?s={search_term_string}\"},\"query-input\":{\"@type\":\"PropertyValueSpecification\",\"valueRequired\":true,\"valueName\":\"search_term_string\"}}],\"inLanguage\":\"ca\"}]}<\/script>\n<!-- \/ Yoast SEO plugin. -->","yoast_head_json":{"title":"Paleteria","robots":{"index":"index","follow":"follow","max-snippet":"max-snippet:-1","max-image-preview":"max-image-preview:large","max-video-preview":"max-video-preview:-1"},"canonical":"https:\/\/ctsolucions.com\/ca\/paleteria","og_locale":"ca_ES","og_type":"article","og_title":"Paleteria","og_description":"Consultoria t\u00e8cnica Paleteria Construccions Met\u00e0l\u00b7liques A\u00efllament Ac\u00fastic Protecci\u00f3\u202fRei-240 Profesionalidad, seguridad, innovaci\u00f3n y cercan\u00eda. \u00a1Estamos aqu\u00ed para ayudarte! Cont\u00e1ctanos Consultoria t\u00e8cnica Paleteria Construccions Met\u00e0l\u00b7liques A\u00efllament Ac\u00fastic Protecci\u00f3\u202fRei-240 Professionalitat, seguretat, innovaci\u00f3 i proximitat. Estem aqu\u00ed per ajudar-te! Contacta&#8217;ns Paleteria Comptem amb equips d&#8217;obra formats per oficials de 1a, 2a i peons especialistes. L&#8217;experi\u00e8ncia acumulada en aquesta construcci\u00f3","og_url":"https:\/\/ctsolucions.com\/ca\/paleteria","og_site_name":"CT Solucions","article_modified_time":"2019-07-08T11:17:47+00:00","og_image":[{"url":"https:\/\/ctsolucions.com\/wp-content\/uploads\/2019\/06\/Servicios_Paleteria.jpg","type":"","width":"","height":""}],"twitter_card":"summary_large_image","twitter_misc":{"Temps estimat de lectura":"1 minut"},"schema":{"@context":"https:\/\/schema.org","@graph":[{"@type":"WebPage","@id":"https:\/\/ctsolucions.com\/ca\/paleteria","url":"https:\/\/ctsolucions.com\/ca\/paleteria","name":"Paleteria","isPartOf":{"@id":"https:\/\/ctsolucions.com\/ca#website"},"primaryImageOfPage":{"@id":"https:\/\/ctsolucions.com\/ca\/paleteria#primaryimage"},"image":{"@id":"https:\/\/ctsolucions.com\/ca\/paleteria#primaryimage"},"thumbnailUrl":"https:\/\/ctsolucions.com\/wp-content\/uploads\/2019\/06\/Servicios_Paleteria.jpg","datePublished":"2019-04-11T06:50:58+00:00","dateModified":"2019-07-08T11:17:47+00:00","breadcrumb":{"@id":"https:\/\/ctsolucions.com\/ca\/paleteria#breadcrumb"},"inLanguage":"ca","potentialAction":[{"@type":"ReadAction","target":["https:\/\/ctsolucions.com\/ca\/paleteria"]}]},{"@type":"ImageObject","inLanguage":"ca","@id":"https:\/\/ctsolucions.com\/ca\/paleteria#primaryimage","url":"https:\/\/ctsolucions.com\/wp-content\/uploads\/2019\/06\/Servicios_Paleteria.jpg","contentUrl":"https:\/\/ctsolucions.com\/wp-content\/uploads\/2019\/06\/Servicios_Paleteria.jpg"},{"@type":"BreadcrumbList","@id":"https:\/\/ctsolucions.com\/ca\/paleteria#breadcrumb","itemListElement":[{"@type":"ListItem","position":1,"name":"Portada","item":"https:\/\/ctsolucions.com\/ca"},{"@type":"ListItem","position":2,"name":"Paleteria"}]},{"@type":"WebSite","@id":"https:\/\/ctsolucions.com\/ca#website","url":"https:\/\/ctsolucions.com\/ca","name":"CT Solucions","description":"Centres de Transformaci\u00f3 Solucions","potentialAction":[{"@type":"SearchAction","target":{"@type":"EntryPoint","urlTemplate":"https:\/\/ctsolucions.com\/ca?s={search_term_string}"},"query-input":{"@type":"PropertyValueSpecification","valueRequired":true,"valueName":"search_term_string"}}],"inLanguage":"ca"}]}},"_links":{"self":[{"href":"https:\/\/ctsolucions.com\/ca\/wp-json\/wp\/v2\/pages\/1826","targetHints":{"allow":["GET"]}}],"collection":[{"href":"https:\/\/ctsolucions.com\/ca\/wp-json\/wp\/v2\/pages"}],"about":[{"href":"https:\/\/ctsolucions.com\/ca\/wp-json\/wp\/v2\/types\/page"}],"author":[{"embeddable":true,"href":"https:\/\/ctsolucions.com\/ca\/wp-json\/wp\/v2\/users\/3"}],"replies":[{"embeddable":true,"href":"https:\/\/ctsolucions.com\/ca\/wp-json\/wp\/v2\/comments?post=1826"}],"version-history":[{"count":0,"href":"https:\/\/ctsolucions.com\/ca\/wp-json\/wp\/v2\/pages\/1826\/revisions"}],"wp:attachment":[{"href":"https:\/\/ctsolucions.com\/ca\/wp-json\/wp\/v2\/media?parent=1826"}],"curies":[{"name":"wp","href":"https:\/\/api.w.org\/{rel}","templated":true}]}}