{"id":1827,"date":"2019-06-04T13:04:12","date_gmt":"2019-06-04T13:04:12","guid":{"rendered":"http:\/\/ctsolucions.com\/politica-de-cookies"},"modified":"2019-07-05T09:14:32","modified_gmt":"2019-07-05T09:14:32","slug":"politica-de-cookies","status":"publish","type":"page","link":"https:\/\/ctsolucions.com\/ca\/politica-de-cookies","title":{"rendered":"Pol\u00edtica de Cookies"},"content":{"rendered":"\n<p>En aquesta web recopilem i utilitzem la informaci\u00f3 segons indiquem en la nostra pol\u00edtica de privacitat. Una de les formes en les quals recopilem informaci\u00f3 \u00e9s a trav\u00e9s de l&#8217;\u00fas de la tecnologia anomenada \u201ccookies\u201d. A\u202fCT\u202fSolucions&nbsp;SL, utilitzem&nbsp;cookies&nbsp;per a diverses coses.&nbsp;<\/p>\n\n\n\n<h2 class=\"wp-block-heading\"><strong>Qu\u00e8 \u00e9s una\u202fcookie?<\/strong><\/h2>\n\n\n\n<p>Una \u201ccookie\u201d\u202f\u00e9s una petita quantitat de text que s&#8217;emmagatzema en el teu navegador (com&nbsp;Chrome\u202fde&nbsp;Google&nbsp;o Safari&nbsp;d&#8217;Apple) quan navegues per la majoria dels llocs web.<\/p>\n\n\n\n<h2 class=\"wp-block-heading\"><strong>Qu\u00e8 NO \u00e9s una\u202fcookie?<\/strong><\/h2>\n\n\n\n<p>&nbsp;No \u00e9s un virus, ni un troi\u00e0, ni un cuc, ni\u202fspam, ni&nbsp;spyware, ni obre finestres pop-up.&nbsp;<\/p>\n\n\n\n<h2 class=\"wp-block-heading\"><strong>Quina informaci\u00f3 emmagatzema una\u202fcookie?<\/strong><\/h2>\n\n\n\n<p>Les&nbsp;cookies&nbsp;no solen emmagatzemar informaci\u00f3 sensible sobre vost\u00e8, com a targetes de cr\u00e8dit o dades banc\u00e0ries, fotografies o informaci\u00f3 personal, etc. Les dades que guarden s\u00f3n de car\u00e0cter t\u00e8cnic, estad\u00edstics, prefer\u00e8ncies personals, personalitzaci\u00f3 de continguts, etc.&nbsp;<\/p>\n\n\n\n<p>&nbsp;El servidor web no li associa a vost\u00e8 com a persona sin\u00f3 al seu navegador web. De fet, si vost\u00e8 navega habitualment amb el navegador&nbsp;Chrome\u202fi prova de navegar per la mateixa web amb el navegador&nbsp;Firefox, veur\u00e0 que la web no s&#8217;adona que \u00e9s vost\u00e8 la mateixa persona perqu\u00e8 en realitat est\u00e0 associant la informaci\u00f3 al navegador, no a la persona.&nbsp;<\/p>\n\n\n\n<h2 class=\"wp-block-heading\"><strong>Quin tipus de&nbsp;cookies&nbsp;existeixen?<\/strong><\/h2>\n\n\n\n<ul class=\"wp-block-list\"><li><strong>Cookies&nbsp;t\u00e8cniques:<\/strong>&nbsp;S\u00f3n les m\u00e9s elementals i permeten, entre altres coses, saber quan est\u00e0 navegant un hum\u00e0 o una aplicaci\u00f3 automatitzada, quan navega un usuari an\u00f2nim i un registrat, tasques b\u00e0siques per al funcionament de qualsevol web din\u00e0mica.<\/li><li><strong>Cookies&nbsp;d&#8217;an\u00e0lisis:<\/strong>&nbsp;Recullen informaci\u00f3 sobre el tipus de navegaci\u00f3 que est\u00e0 realitzant, les seccions que m\u00e9s utilitza, productes consultats, franja hor\u00e0ria d&#8217;\u00fas, idioma, etc.<\/li><li><strong>Cookies&nbsp;publicit\u00e0ries:<\/strong>&nbsp;Mostren publicitat en funci\u00f3 de la seva navegaci\u00f3, el seu pa\u00eds de proced\u00e8ncia, idioma, etc.<\/li><\/ul>\n\n\n\n<h2 class=\"wp-block-heading\"><strong>Qu\u00e8 s\u00f3n les&nbsp;cookies&nbsp;pr\u00f2pies i les de tercers?<\/strong><\/h2>\n\n\n\n<p>Les&nbsp;cookies&nbsp;pr\u00f2pies s\u00f3n les generades per la p\u00e0gina que est\u00e0 visitant i les de tercers s\u00f3n les generades per serveis o prove\u00efdors externs com&nbsp;Mailchimp,\u202fMailrelay,&nbsp;Facebook,&nbsp;Twitter,&nbsp;Google&nbsp;Adsense, etc.<\/p>\n\n\n\n<h2 class=\"wp-block-heading\">&nbsp;<strong>Quines&nbsp;cookies&nbsp;utilitza aquesta web?<\/strong>&nbsp;<\/h2>\n\n\n\n<p>Aquesta web utilitza&nbsp;cookies&nbsp;pr\u00f2pies i de tercers. En aquest lloc web s&#8217;utilitzen les seg\u00fcents&nbsp;cookies&nbsp;que es detallen a continuaci\u00f3:<\/p>\n\n\n\n<h2 class=\"wp-block-heading\">Cookies&nbsp;pr\u00f2pies:<\/h2>\n\n\n\n<p><strong>Inici de sessi\u00f3:<\/strong>&nbsp;Les&nbsp;cookies&nbsp;per a iniciar sessi\u00f3 et permeten entrar i sortir del teu compte de\u202fCT&nbsp;Solucions\u202fSL.&nbsp;<\/p>\n\n\n\n<p>&nbsp;<strong>Personalitzaci\u00f3:<\/strong>&nbsp;Les&nbsp;cookies&nbsp;ens ajuden a recordar amb quines persones o llocs web has interactuat, perqu\u00e8 puguem mostrar-te contingut relacionat.&nbsp;<\/p>\n\n\n\n<p>&nbsp;<strong>Prefer\u00e8ncies:<\/strong>&nbsp;Les&nbsp;cookies&nbsp;ens permet recordar els teus ajustos i prefer\u00e8ncies, com l&#8217;idioma preferit i la teva configuraci\u00f3 de privacitat.&nbsp;<\/p>\n\n\n\n<p>&nbsp;<strong>Seguretat:&nbsp;<\/strong>Utilitzem&nbsp;cookies&nbsp;per a evitar-te riscos de seguretat. Principalment,&nbsp;per a detectar quan alg\u00fa est\u00e0&nbsp;intentant piratejar el teu compte de&nbsp;CT\u202fSolucions\u202fSL.&nbsp;<\/p>\n\n\n\n<p>CENTRES&nbsp;DE\u202fTRANSFORMACI\u00d3\u202fSOLUCIONS\u202fSL \u00e9s usuari de la plataforma de subministrament i allotjament de&nbsp;blogs\u202f<strong>WordPress<\/strong>, propietat de l&#8217;empresa nord-americana\u202fAutomattic, Inc. A tals efectes, els usos de tals&nbsp;cookies&nbsp;pels sistemes mai estan baix control o gesti\u00f3 del responsable de la web, poden canviar la seva funci\u00f3 en qualsevol moment, i entrar&nbsp;cookies&nbsp;noves. Aquestes&nbsp;cookies&nbsp;tampoc reporten al responsable d&#8217;aquesta web&nbsp;cap benefici.\u202fAutomattic, Inc., utilitza a m\u00e9s altres&nbsp;cookies&nbsp;amb la finalitat d&#8217;ajudar a identificar i rastrejar als visitants dels llocs de\u202fWordPress, con\u00e8ixer l&#8217;\u00fas que fan del lloc web&nbsp;d\u2019Automattic, aix\u00ed com les seves prefer\u00e8ncies d&#8217;acc\u00e9s a aquest, tal com es recull en l&#8217;apartat \u201cCookies\u201d de la seva pol\u00edtica de privacitat.&nbsp;<\/p>\n\n\n\n<p>&nbsp;Les&nbsp;cookies&nbsp;de xarxes socials poden emmagatzemar-se en el seu navegador mentre navega per https:\/\/www.ctsolucions.com per exemple, quan utilitza el bot\u00f3 de compartir continguts&nbsp;d&#8217;https:\/\/www.ctsolucions.com en alguna xarxa social.&nbsp;<br>A continuaci\u00f3, t\u00e9&nbsp;informaci\u00f3 sobre les&nbsp;cookies&nbsp;de les xarxes socials que utilitza aquesta web en les seves pr\u00f2pies pol\u00edtiques de&nbsp;cookies:<\/p>\n\n\n\n<ul class=\"wp-block-list\"><li>Cookies&nbsp;de&nbsp;Twitter, veure m\u00e9s informaci\u00f3 en la seva&nbsp;<a rel=\"noreferrer noopener\" target=\"_blank\" href=\"https:\/\/twitter.com\/privacy\">pol\u00edtica de cookies<\/a><\/li><li>Cookies&nbsp;de\u202fLinkedin, veure m\u00e9s informaci\u00f3 en la seva&nbsp;<a rel=\"noreferrer noopener\" target=\"_blank\" href=\"https:\/\/www.linkedin.com\/legal\/cookie-policy?trk=hp-cookies\">pol\u00edtica de cookies<\/a><\/li><\/ul>\n\n\n\n<h2 class=\"wp-block-heading\">Es poden eliminar les&nbsp;cookies?<\/h2>\n\n\n\n<p>S\u00ed, i no nom\u00e9s eliminar, tamb\u00e9 bloquejar, de forma general o particular per a un domini espec\u00edfic.&nbsp;<br>Per a eliminar les&nbsp;cookies&nbsp;d&#8217;un lloc web ha d&#8217;anar a la configuraci\u00f3 del seu navegador i all\u00ed podr\u00e0 buscar les associades al domini en q\u00fcesti\u00f3 i conducta a la seva eliminaci\u00f3.<\/p>\n\n\n\n<ul class=\"wp-block-list\"><li>Configuraci\u00f3 de&nbsp;cookies&nbsp;per a&nbsp;<a rel=\"noreferrer noopener\" target=\"_blank\" href=\"http:\/\/support.google.com\/chrome\/bin\/answer.py?hl=es&amp;answer=95647\">Google Chrome<\/a><\/li><li>Configuraci\u00f3 de&nbsp;cookies&nbsp;per a&nbsp;<a rel=\"noreferrer noopener\" target=\"_blank\" href=\"https:\/\/support.apple.com\/es-es\/HT201265\">Apple Safari<\/a><\/li><li>Configuraci\u00f3 de&nbsp;cookies&nbsp;per a&nbsp;<a rel=\"noreferrer noopener\" target=\"_blank\" href=\"https:\/\/support.microsoft.com\/en-us\/help\/17442\/windows-internet-explorer-delete-manage-cookies#ie=ie-10\">Internet Explorer<\/a><\/li><li>Configuraci\u00f3 de&nbsp;cookies&nbsp;per a&nbsp;<a rel=\"noreferrer noopener\" target=\"_blank\" href=\"https:\/\/support.mozilla.org\/es\/kb\/habilitar-y-deshabilitar-cookies-sitios-web-rastrear-preferencias?redirectlocale=es&amp;redirectslug=habilitar-y-deshabilitar-cookies-que-los-sitios-we\">Mozilla Firefox<\/a><\/li><\/ul>\n\n\n\n<h2 class=\"wp-block-heading\">M\u00e9s informaci\u00f3 sobre les&nbsp;cookies<\/h2>\n\n\n\n<p>Pots consultar el reglament sobre&nbsp;cookies&nbsp;publicat per l&#8217;Ag\u00e8ncia Espanyola&nbsp;de Protecci\u00f3 de Dades en&nbsp;la&nbsp;seva&nbsp;\u201cGuia sobre l&#8217;\u00fas de les&nbsp;cookies\u201d i obtenir m\u00e9s&nbsp;informaci\u00f3 sobre les&nbsp;cookies&nbsp;a&nbsp;Internet,&nbsp;<a rel=\"noreferrer noopener\" target=\"_blank\" href=\"http:\/\/www.aboutcookies.org\/\">http:\/\/www.aboutcookies.org\/<\/a><\/p>\n\n\n\n<p>Si desitja tenir un major control sobre la instal\u00b7laci\u00f3 de&nbsp;cookies, pot instal\u00b7lar programes o complements al seu navegador, coneguts com a eines de \u201cDo\u202fNot\u202fTrack\u201d, que li permetran triar aquelles&nbsp;cookies&nbsp;que desitja permetre.&nbsp;<\/p>\n\n\n\n<p>Aquesta pol\u00edtica de&nbsp;cookies&nbsp;ha estat actualitzada per \u00faltima vegada el 05-06-2019.<\/p>\n","protected":false},"excerpt":{"rendered":"<p>En aquesta web recopilem i utilitzem la informaci\u00f3 segons indiquem en la nostra pol\u00edtica de privacitat. Una de les formes en les quals recopilem informaci\u00f3 \u00e9s a trav\u00e9s de l&#8217;\u00fas de la tecnologia anomenada \u201ccookies\u201d. A\u202fCT\u202fSolucions&nbsp;SL, utilitzem&nbsp;cookies&nbsp;per a diverses coses.&nbsp; Qu\u00e8 \u00e9s una\u202fcookie? Una \u201ccookie\u201d\u202f\u00e9s una petita quantitat de text que s&#8217;emmagatzema en el teu<\/p>\n","protected":false},"author":3,"featured_media":0,"parent":0,"menu_order":0,"comment_status":"closed","ping_status":"closed","template":"","meta":{"_monsterinsights_skip_tracking":false,"_monsterinsights_sitenote_active":false,"_monsterinsights_sitenote_note":"","_monsterinsights_sitenote_category":0,"footnotes":""},"class_list":["post-1827","page","type-page","status-publish","hentry"],"yoast_head":"<!-- This site is optimized with the Yoast SEO plugin v25.2 - https:\/\/yoast.com\/wordpress\/plugins\/seo\/ -->\n<title>Pol\u00edtica de Cookies<\/title>\n<meta name=\"robots\" content=\"index, follow, max-snippet:-1, max-image-preview:large, max-video-preview:-1\" \/>\n<link rel=\"canonical\" href=\"https:\/\/ctsolucions.com\/ca\/politica-de-cookies\" \/>\n<meta property=\"og:locale\" content=\"ca_ES\" \/>\n<meta property=\"og:type\" content=\"article\" \/>\n<meta property=\"og:title\" content=\"Pol\u00edtica de Cookies\" \/>\n<meta property=\"og:description\" content=\"En aquesta web recopilem i utilitzem la informaci\u00f3 segons indiquem en la nostra pol\u00edtica de privacitat. Una de les formes en les quals recopilem informaci\u00f3 \u00e9s a trav\u00e9s de l&#8217;\u00fas de la tecnologia anomenada \u201ccookies\u201d. A\u202fCT\u202fSolucions&nbsp;SL, utilitzem&nbsp;cookies&nbsp;per a diverses coses.&nbsp; Qu\u00e8 \u00e9s una\u202fcookie? Una \u201ccookie\u201d\u202f\u00e9s una petita quantitat de text que s&#8217;emmagatzema en el teu\" \/>\n<meta property=\"og:url\" content=\"https:\/\/ctsolucions.com\/ca\/politica-de-cookies\" \/>\n<meta property=\"og:site_name\" content=\"CT Solucions\" \/>\n<meta property=\"article:modified_time\" content=\"2019-07-05T09:14:32+00:00\" \/>\n<meta name=\"twitter:card\" content=\"summary_large_image\" \/>\n<meta name=\"twitter:label1\" content=\"Temps estimat de lectura\" \/>\n\t<meta name=\"twitter:data1\" content=\"5 minuts\" \/>\n<script type=\"application\/ld+json\" class=\"yoast-schema-graph\">{\"@context\":\"https:\/\/schema.org\",\"@graph\":[{\"@type\":\"WebPage\",\"@id\":\"https:\/\/ctsolucions.com\/ca\/politica-de-cookies\",\"url\":\"https:\/\/ctsolucions.com\/ca\/politica-de-cookies\",\"name\":\"Pol\u00edtica de Cookies\",\"isPartOf\":{\"@id\":\"https:\/\/ctsolucions.com\/ca#website\"},\"datePublished\":\"2019-06-04T13:04:12+00:00\",\"dateModified\":\"2019-07-05T09:14:32+00:00\",\"breadcrumb\":{\"@id\":\"https:\/\/ctsolucions.com\/ca\/politica-de-cookies#breadcrumb\"},\"inLanguage\":\"ca\",\"potentialAction\":[{\"@type\":\"ReadAction\",\"target\":[\"https:\/\/ctsolucions.com\/ca\/politica-de-cookies\"]}]},{\"@type\":\"BreadcrumbList\",\"@id\":\"https:\/\/ctsolucions.com\/ca\/politica-de-cookies#breadcrumb\",\"itemListElement\":[{\"@type\":\"ListItem\",\"position\":1,\"name\":\"Portada\",\"item\":\"https:\/\/ctsolucions.com\/ca\"},{\"@type\":\"ListItem\",\"position\":2,\"name\":\"Pol\u00edtica de Cookies\"}]},{\"@type\":\"WebSite\",\"@id\":\"https:\/\/ctsolucions.com\/ca#website\",\"url\":\"https:\/\/ctsolucions.com\/ca\",\"name\":\"CT Solucions\",\"description\":\"Centres de Transformaci\u00f3 Solucions\",\"potentialAction\":[{\"@type\":\"SearchAction\",\"target\":{\"@type\":\"EntryPoint\",\"urlTemplate\":\"https:\/\/ctsolucions.com\/ca?s={search_term_string}\"},\"query-input\":{\"@type\":\"PropertyValueSpecification\",\"valueRequired\":true,\"valueName\":\"search_term_string\"}}],\"inLanguage\":\"ca\"}]}<\/script>\n<!-- \/ Yoast SEO plugin. -->","yoast_head_json":{"title":"Pol\u00edtica de Cookies","robots":{"index":"index","follow":"follow","max-snippet":"max-snippet:-1","max-image-preview":"max-image-preview:large","max-video-preview":"max-video-preview:-1"},"canonical":"https:\/\/ctsolucions.com\/ca\/politica-de-cookies","og_locale":"ca_ES","og_type":"article","og_title":"Pol\u00edtica de Cookies","og_description":"En aquesta web recopilem i utilitzem la informaci\u00f3 segons indiquem en la nostra pol\u00edtica de privacitat. Una de les formes en les quals recopilem informaci\u00f3 \u00e9s a trav\u00e9s de l&#8217;\u00fas de la tecnologia anomenada \u201ccookies\u201d. A\u202fCT\u202fSolucions&nbsp;SL, utilitzem&nbsp;cookies&nbsp;per a diverses coses.&nbsp; Qu\u00e8 \u00e9s una\u202fcookie? Una \u201ccookie\u201d\u202f\u00e9s una petita quantitat de text que s&#8217;emmagatzema en el teu","og_url":"https:\/\/ctsolucions.com\/ca\/politica-de-cookies","og_site_name":"CT Solucions","article_modified_time":"2019-07-05T09:14:32+00:00","twitter_card":"summary_large_image","twitter_misc":{"Temps estimat de lectura":"5 minuts"},"schema":{"@context":"https:\/\/schema.org","@graph":[{"@type":"WebPage","@id":"https:\/\/ctsolucions.com\/ca\/politica-de-cookies","url":"https:\/\/ctsolucions.com\/ca\/politica-de-cookies","name":"Pol\u00edtica de Cookies","isPartOf":{"@id":"https:\/\/ctsolucions.com\/ca#website"},"datePublished":"2019-06-04T13:04:12+00:00","dateModified":"2019-07-05T09:14:32+00:00","breadcrumb":{"@id":"https:\/\/ctsolucions.com\/ca\/politica-de-cookies#breadcrumb"},"inLanguage":"ca","potentialAction":[{"@type":"ReadAction","target":["https:\/\/ctsolucions.com\/ca\/politica-de-cookies"]}]},{"@type":"BreadcrumbList","@id":"https:\/\/ctsolucions.com\/ca\/politica-de-cookies#breadcrumb","itemListElement":[{"@type":"ListItem","position":1,"name":"Portada","item":"https:\/\/ctsolucions.com\/ca"},{"@type":"ListItem","position":2,"name":"Pol\u00edtica de Cookies"}]},{"@type":"WebSite","@id":"https:\/\/ctsolucions.com\/ca#website","url":"https:\/\/ctsolucions.com\/ca","name":"CT Solucions","description":"Centres de Transformaci\u00f3 Solucions","potentialAction":[{"@type":"SearchAction","target":{"@type":"EntryPoint","urlTemplate":"https:\/\/ctsolucions.com\/ca?s={search_term_string}"},"query-input":{"@type":"PropertyValueSpecification","valueRequired":true,"valueName":"search_term_string"}}],"inLanguage":"ca"}]}},"_links":{"self":[{"href":"https:\/\/ctsolucions.com\/ca\/wp-json\/wp\/v2\/pages\/1827","targetHints":{"allow":["GET"]}}],"collection":[{"href":"https:\/\/ctsolucions.com\/ca\/wp-json\/wp\/v2\/pages"}],"about":[{"href":"https:\/\/ctsolucions.com\/ca\/wp-json\/wp\/v2\/types\/page"}],"author":[{"embeddable":true,"href":"https:\/\/ctsolucions.com\/ca\/wp-json\/wp\/v2\/users\/3"}],"replies":[{"embeddable":true,"href":"https:\/\/ctsolucions.com\/ca\/wp-json\/wp\/v2\/comments?post=1827"}],"version-history":[{"count":0,"href":"https:\/\/ctsolucions.com\/ca\/wp-json\/wp\/v2\/pages\/1827\/revisions"}],"wp:attachment":[{"href":"https:\/\/ctsolucions.com\/ca\/wp-json\/wp\/v2\/media?parent=1827"}],"curies":[{"name":"wp","href":"https:\/\/api.w.org\/{rel}","templated":true}]}}