{"id":1831,"date":"2019-03-28T15:07:21","date_gmt":"2019-03-28T15:07:21","guid":{"rendered":"http:\/\/ctsolucions.com\/servicios"},"modified":"2019-07-05T09:34:06","modified_gmt":"2019-07-05T09:34:06","slug":"serveis","status":"publish","type":"page","link":"https:\/\/ctsolucions.com\/ca\/serveis","title":{"rendered":"Serveis\u00a0\u00a0"},"content":{"rendered":"<section class=\"kc-elm kc-css-917955 kc_row\"><div class=\"kc-row-container  kc-container\"><div class=\"kc-wrap-columns\"><div class=\"kc-elm kc-css-309136 kc_col-sm-12 kc_column kc_col-sm-12\"><div class=\"kc-col-container\"><!--Sidebar Page Container-->\r\n<div class=\"sidebar-page-container\">\r\n    <div class=\"auto-container\">\r\n        <div class=\"row clearfix\">\r\n            \r\n            <!--Sidebar Side-->\r\n            <div class=\"sidebar-side col-lg-3 col-md-4 col-sm-6 col-xs-12\">\r\n                <aside class=\"sidebar\">\r\n                    \r\n                    \t\t\t\t\t\t<div id=\"nav_menu-3\" class=\"sidebar-widget widget_nav_menu\"><div class=\"menu-sidebar-catalan-container\"><ul id=\"menu-sidebar-catalan\" class=\"menu\"><li id=\"menu-item-1854\" class=\"menu-item menu-item-type-post_type menu-item-object-page menu-item-1854\"><a href=\"https:\/\/ctsolucions.com\/ca\/consultoria-tecnica\">Consultoria t\u00e8cnica<\/a><\/li>\n<li id=\"menu-item-1850\" class=\"menu-item menu-item-type-post_type menu-item-object-page menu-item-1850\"><a href=\"https:\/\/ctsolucions.com\/ca\/paleteria\">Paleteria<\/a><\/li>\n<li id=\"menu-item-1853\" class=\"menu-item menu-item-type-post_type menu-item-object-page menu-item-1853\"><a href=\"https:\/\/ctsolucions.com\/ca\/construccions-metal%c2%b7liques\">Construccions Met\u00e0l\u00b7liques<\/a><\/li>\n<li id=\"menu-item-1849\" class=\"menu-item menu-item-type-post_type menu-item-object-page menu-item-1849\"><a href=\"https:\/\/ctsolucions.com\/ca\/aillament-acustic\">A\u00efllament Ac\u00fastic<\/a><\/li>\n<li id=\"menu-item-1860\" class=\"menu-item menu-item-type-post_type menu-item-object-page menu-item-1860\"><a href=\"https:\/\/ctsolucions.com\/ca\/proteccio-rei-240\">Protecci\u00f3\u202fRei-240<\/a><\/li>\n<\/ul><\/div><\/div>                \t                    \r\n                <\/aside>\r\n            <\/div>\r\n            \r\n            <!--Content Side-->\r\n            <div class=\"content-side col-lg-9 col-md-8 col-sm-12 col-xs-12\">\r\n                <div class=\"services-single\">\r\n                    <div class=\"inner-service\">\r\n                        <!--Image-->\r\n                        <div class=\"single-image\">\r\n                            <img decoding=\"async\" src=\"http:\/\/wp3.commonsupport.com\/newwp\/buildia\/wp-content\/uploads\/2018\/07\/service-25.jpg\" alt=\"Imatge impressionant\" \/>\r\n                        <\/div>\r\n                        <h2>Protecci\u00f3n Rei-240<\/h2>\r\n                        <div class=\"text\">\r\n                            <p style=\"font-weight:bold\"><\/p>\r\n<p>Lorem ipsum dolor sit amet, consectetuer adipiscing elit, sed diam nonummy nibh euismod tincidunt ut laoreet dolore magna aliquam erat volutpat. Ut wisi enim ad minim veniam, quis nostrud exerci tation ullamcorper suscipit lobortis nisl ut aliquip ex ea commodo consequat. Duis autem vel eum iriure dolor in hendrerit in vulputate velit esse molestie consequat, vel illum dolore eu feugiat nulla facilisis at vero eros et accumsan et iusto odio dignissim qui blandit praesent luptatum zzril delenit augue duis dolore te feugait nulla facilisi.<\/p>                            \r\n                                                            <!--Two Column-->\r\n                                <div class=\"two-column\">\r\n                                    <div class=\"row clearfix\">\r\n                                        <!--Content Column-->\r\n                                        <div class=\"content-column col-md-7 col-sm-7 col-xs-12\">\r\n                                            <div class=\"inner-column no-padd-left\">\r\n                                                <h2>Descripcio\u0301n de proyectos<\/h2>\r\n                                                <p>Lorem ipsum dolor sit amet, consectetuer adipiscing elit, sed diam nonummy nibh euismod tincidunt ut laoreet dolore magna aliquam erat volutpat. Ut wisi enim ad minim veniam, quis nostrud exerci tation ullamcorper suscipit lobortis nisl ut aliquip ex ea commodo consequat. Duis autem vel eum iriure dolor in hendrerit in vulputate velit esse molestie consequat, vel illum dolore eu feugiat nulla facilisis at vero eros et accumsan et iusto odio dignissim qui blandit praesent luptatum zzril delenit augue duis dolore te feugait nulla facilisi.<\/p>\r\n                                                <ul class=\"list-style-five\">\r\n                                                                                                                                                                <li>hello<\/li>\r\n                                                                                                    <\/ul>\r\n                                            <\/div>\r\n                                        <\/div>\r\n                                        <!--Image Column-->\r\n                                        <div class=\"image-column col-md-5 col-sm-5 col-xs-12\">\r\n                                            <div class=\"image\">\r\n                                                <img decoding=\"async\" src=\"http:\/\/ctsolucions.com\/wp-content\/uploads\/2019\/03\/productos.jpg\" alt=\"Imatge impressionant\" \/>\r\n                                            <\/div>\r\n                                        <\/div>\r\n                                    <\/div>\r\n                                <\/div>\r\n                                                        \r\n                                                        \r\n                                                        \t<h2>Beneficios del servicio<\/h2>\r\n                                <p><\/p>\r\n                            \r\n                                <div class=\"row clearfix\">\r\n                                    <div class=\"column col-md-6 col-sm-6 col-xs-12\">\r\n                                        <ul class=\"list-style-six\">\r\n                                                                                                                                        <li>Lorem ipsum dolor sit amet\r<\/li>\r\n                                                                                            <li>Lorem ipsum dolor sit amet<\/li>\r\n                                                                                    <\/ul>\r\n                                    <\/div>\r\n                                    <div class=\"column col-md-6 col-sm-6 col-xs-12\">\r\n                                        <ul class=\"list-style-six\">\r\n                                                                                                                                        <li>Lorem ipsum dolor sit amet\r<\/li>\r\n                                                                                            <li>Lorem ipsum dolor sit amet<\/li>\r\n                                                                                    <\/ul>\r\n                                    <\/div>\r\n                                <\/div>\r\n                                                        \r\n                                                            <!--Agent Box-->\r\n                                <div class=\"agent-box\">\r\n                                    <div class=\"inner-agent\">\r\n                                        <div class=\"clearfix\">\r\n                                            <div class=\"pull-left\">\r\n                                                <div class=\"agent-title\">Have you any question or querry <\/div>\r\n                                                <h3><\/h3>\r\n                                            <\/div>\r\n                                            <div class=\"pull-right\">\r\n                                                <a href=\"\" class=\"theme-btn btn-style-one\"><\/a>\r\n                                            <\/div>\r\n                                        <\/div>\r\n                                    <\/div>\r\n                                <\/div>\r\n                                                    <\/div>\r\n                    <\/div>\r\n                <\/div>\r\n            <\/div>\r\n            \r\n        <\/div>\r\n    <\/div>\r\n<\/div>\r\n<!--End Services Section Three--><\/div><\/div><\/div><\/div><\/section>\n","protected":false},"excerpt":{"rendered":"","protected":false},"author":3,"featured_media":0,"parent":0,"menu_order":0,"comment_status":"closed","ping_status":"closed","template":"","meta":{"_monsterinsights_skip_tracking":false,"_monsterinsights_sitenote_active":false,"_monsterinsights_sitenote_note":"","_monsterinsights_sitenote_category":0,"footnotes":""},"class_list":["post-1831","page","type-page","status-publish","hentry"],"yoast_head":"<!-- This site is optimized with the Yoast SEO plugin v25.2 - https:\/\/yoast.com\/wordpress\/plugins\/seo\/ -->\n<title>Serveis\u00a0\u00a0<\/title>\n<meta name=\"robots\" content=\"index, follow, max-snippet:-1, max-image-preview:large, max-video-preview:-1\" \/>\n<link rel=\"canonical\" href=\"https:\/\/ctsolucions.com\/ca\/serveis\" \/>\n<meta property=\"og:locale\" content=\"ca_ES\" \/>\n<meta property=\"og:type\" content=\"article\" \/>\n<meta property=\"og:title\" content=\"Serveis\u00a0\u00a0\" \/>\n<meta property=\"og:description\" content=\"Consultoria t\u00e8cnica Obra de Paleta Construccions Met\u00e0l\u00b7liques A\u00efllament Ac\u00fastic Protecci\u00f3\u202fRei-240 Profesionalidad, seguridad, innovaci\u00f3n y cercan\u00eda. \u00a1Estamos aqu\u00ed para ayudarte! Cont\u00e1ctanos Consultoria t\u00e8cnica Obra de Paleta Construccions Met\u00e0l\u00b7liques A\u00efllament Ac\u00fastic Protecci\u00f3\u202fRei-240 Professionalitat, seguretat, innovaci\u00f3 i proximitat. Estem aqu\u00ed per ajudar-te! Contacta&#8217;ns Protecci\u00f3n Rei-240 Lorem ipsum dolor sit amet, consectetuer adipiscing elit, sed diam nonummy nibh euismod\" \/>\n<meta property=\"og:url\" content=\"https:\/\/ctsolucions.com\/ca\/serveis\" \/>\n<meta property=\"og:site_name\" content=\"CT Solucions\" \/>\n<meta property=\"article:modified_time\" content=\"2019-07-05T09:34:06+00:00\" \/>\n<meta property=\"og:image\" content=\"http:\/\/wp3.commonsupport.com\/newwp\/buildia\/wp-content\/uploads\/2018\/07\/service-25.jpg\" \/>\n<meta name=\"twitter:card\" content=\"summary_large_image\" \/>\n<meta name=\"twitter:label1\" content=\"Temps estimat de lectura\" \/>\n\t<meta name=\"twitter:data1\" content=\"1 minut\" \/>\n<script type=\"application\/ld+json\" class=\"yoast-schema-graph\">{\"@context\":\"https:\/\/schema.org\",\"@graph\":[{\"@type\":\"WebPage\",\"@id\":\"https:\/\/ctsolucions.com\/ca\/serveis\",\"url\":\"https:\/\/ctsolucions.com\/ca\/serveis\",\"name\":\"Serveis\u00a0\u00a0\",\"isPartOf\":{\"@id\":\"https:\/\/ctsolucions.com\/ca#website\"},\"primaryImageOfPage\":{\"@id\":\"https:\/\/ctsolucions.com\/ca\/serveis#primaryimage\"},\"image\":{\"@id\":\"https:\/\/ctsolucions.com\/ca\/serveis#primaryimage\"},\"thumbnailUrl\":\"http:\/\/wp3.commonsupport.com\/newwp\/buildia\/wp-content\/uploads\/2018\/07\/service-25.jpg\",\"datePublished\":\"2019-03-28T15:07:21+00:00\",\"dateModified\":\"2019-07-05T09:34:06+00:00\",\"breadcrumb\":{\"@id\":\"https:\/\/ctsolucions.com\/ca\/serveis#breadcrumb\"},\"inLanguage\":\"ca\",\"potentialAction\":[{\"@type\":\"ReadAction\",\"target\":[\"https:\/\/ctsolucions.com\/ca\/serveis\"]}]},{\"@type\":\"ImageObject\",\"inLanguage\":\"ca\",\"@id\":\"https:\/\/ctsolucions.com\/ca\/serveis#primaryimage\",\"url\":\"http:\/\/wp3.commonsupport.com\/newwp\/buildia\/wp-content\/uploads\/2018\/07\/service-25.jpg\",\"contentUrl\":\"http:\/\/wp3.commonsupport.com\/newwp\/buildia\/wp-content\/uploads\/2018\/07\/service-25.jpg\"},{\"@type\":\"BreadcrumbList\",\"@id\":\"https:\/\/ctsolucions.com\/ca\/serveis#breadcrumb\",\"itemListElement\":[{\"@type\":\"ListItem\",\"position\":1,\"name\":\"Portada\",\"item\":\"https:\/\/ctsolucions.com\/ca\"},{\"@type\":\"ListItem\",\"position\":2,\"name\":\"Serveis\u00a0\u00a0\"}]},{\"@type\":\"WebSite\",\"@id\":\"https:\/\/ctsolucions.com\/ca#website\",\"url\":\"https:\/\/ctsolucions.com\/ca\",\"name\":\"CT Solucions\",\"description\":\"Centres de Transformaci\u00f3 Solucions\",\"potentialAction\":[{\"@type\":\"SearchAction\",\"target\":{\"@type\":\"EntryPoint\",\"urlTemplate\":\"https:\/\/ctsolucions.com\/ca?s={search_term_string}\"},\"query-input\":{\"@type\":\"PropertyValueSpecification\",\"valueRequired\":true,\"valueName\":\"search_term_string\"}}],\"inLanguage\":\"ca\"}]}<\/script>\n<!-- \/ Yoast SEO plugin. -->","yoast_head_json":{"title":"Serveis\u00a0\u00a0","robots":{"index":"index","follow":"follow","max-snippet":"max-snippet:-1","max-image-preview":"max-image-preview:large","max-video-preview":"max-video-preview:-1"},"canonical":"https:\/\/ctsolucions.com\/ca\/serveis","og_locale":"ca_ES","og_type":"article","og_title":"Serveis\u00a0\u00a0","og_description":"Consultoria t\u00e8cnica Obra de Paleta Construccions Met\u00e0l\u00b7liques A\u00efllament Ac\u00fastic Protecci\u00f3\u202fRei-240 Profesionalidad, seguridad, innovaci\u00f3n y cercan\u00eda. \u00a1Estamos aqu\u00ed para ayudarte! Cont\u00e1ctanos Consultoria t\u00e8cnica Obra de Paleta Construccions Met\u00e0l\u00b7liques A\u00efllament Ac\u00fastic Protecci\u00f3\u202fRei-240 Professionalitat, seguretat, innovaci\u00f3 i proximitat. Estem aqu\u00ed per ajudar-te! Contacta&#8217;ns Protecci\u00f3n Rei-240 Lorem ipsum dolor sit amet, consectetuer adipiscing elit, sed diam nonummy nibh euismod","og_url":"https:\/\/ctsolucions.com\/ca\/serveis","og_site_name":"CT Solucions","article_modified_time":"2019-07-05T09:34:06+00:00","og_image":[{"url":"http:\/\/wp3.commonsupport.com\/newwp\/buildia\/wp-content\/uploads\/2018\/07\/service-25.jpg","type":"","width":"","height":""}],"twitter_card":"summary_large_image","twitter_misc":{"Temps estimat de lectura":"1 minut"},"schema":{"@context":"https:\/\/schema.org","@graph":[{"@type":"WebPage","@id":"https:\/\/ctsolucions.com\/ca\/serveis","url":"https:\/\/ctsolucions.com\/ca\/serveis","name":"Serveis\u00a0\u00a0","isPartOf":{"@id":"https:\/\/ctsolucions.com\/ca#website"},"primaryImageOfPage":{"@id":"https:\/\/ctsolucions.com\/ca\/serveis#primaryimage"},"image":{"@id":"https:\/\/ctsolucions.com\/ca\/serveis#primaryimage"},"thumbnailUrl":"http:\/\/wp3.commonsupport.com\/newwp\/buildia\/wp-content\/uploads\/2018\/07\/service-25.jpg","datePublished":"2019-03-28T15:07:21+00:00","dateModified":"2019-07-05T09:34:06+00:00","breadcrumb":{"@id":"https:\/\/ctsolucions.com\/ca\/serveis#breadcrumb"},"inLanguage":"ca","potentialAction":[{"@type":"ReadAction","target":["https:\/\/ctsolucions.com\/ca\/serveis"]}]},{"@type":"ImageObject","inLanguage":"ca","@id":"https:\/\/ctsolucions.com\/ca\/serveis#primaryimage","url":"http:\/\/wp3.commonsupport.com\/newwp\/buildia\/wp-content\/uploads\/2018\/07\/service-25.jpg","contentUrl":"http:\/\/wp3.commonsupport.com\/newwp\/buildia\/wp-content\/uploads\/2018\/07\/service-25.jpg"},{"@type":"BreadcrumbList","@id":"https:\/\/ctsolucions.com\/ca\/serveis#breadcrumb","itemListElement":[{"@type":"ListItem","position":1,"name":"Portada","item":"https:\/\/ctsolucions.com\/ca"},{"@type":"ListItem","position":2,"name":"Serveis\u00a0\u00a0"}]},{"@type":"WebSite","@id":"https:\/\/ctsolucions.com\/ca#website","url":"https:\/\/ctsolucions.com\/ca","name":"CT Solucions","description":"Centres de Transformaci\u00f3 Solucions","potentialAction":[{"@type":"SearchAction","target":{"@type":"EntryPoint","urlTemplate":"https:\/\/ctsolucions.com\/ca?s={search_term_string}"},"query-input":{"@type":"PropertyValueSpecification","valueRequired":true,"valueName":"search_term_string"}}],"inLanguage":"ca"}]}},"_links":{"self":[{"href":"https:\/\/ctsolucions.com\/ca\/wp-json\/wp\/v2\/pages\/1831","targetHints":{"allow":["GET"]}}],"collection":[{"href":"https:\/\/ctsolucions.com\/ca\/wp-json\/wp\/v2\/pages"}],"about":[{"href":"https:\/\/ctsolucions.com\/ca\/wp-json\/wp\/v2\/types\/page"}],"author":[{"embeddable":true,"href":"https:\/\/ctsolucions.com\/ca\/wp-json\/wp\/v2\/users\/3"}],"replies":[{"embeddable":true,"href":"https:\/\/ctsolucions.com\/ca\/wp-json\/wp\/v2\/comments?post=1831"}],"version-history":[{"count":0,"href":"https:\/\/ctsolucions.com\/ca\/wp-json\/wp\/v2\/pages\/1831\/revisions"}],"wp:attachment":[{"href":"https:\/\/ctsolucions.com\/ca\/wp-json\/wp\/v2\/media?parent=1831"}],"curies":[{"name":"wp","href":"https:\/\/api.w.org\/{rel}","templated":true}]}}